{"id":8869,"date":"2017-01-31T23:22:36","date_gmt":"2017-01-31T23:22:36","guid":{"rendered":"https:\/\/menorcaenkayak.com\/newsite\/fr\/?p=6766"},"modified":"2025-07-13T16:30:27","modified_gmt":"2025-07-13T16:30:27","slug":"rocker-5-1-de-fun-run","status":"publish","type":"product","link":"https:\/\/menorcaenkayak.com\/fr\/product\/rocker-5-1-de-fun-run\/","title":{"rendered":"Kayak de mer Essence 16 by PERCEPTION"},"content":{"rendered":"<p>Les sensations fortes et l&rsquo;exp\u00e9rience du kayak de mer ne sont pas r\u00e9serv\u00e9es aux experts\u2026 Cependant, si votre exp\u00e9dition n\u00e9cessite une carte, vous aurez besoin de la vitesse, du confort et du rangement suppl\u00e9mentaires de la gamme Essence.<br \/>Le kayak de mer le plus polyvalent et le plus confortable du march\u00e9. Dot\u00e9 d&rsquo;une coque moderne, il int\u00e8gre une proue et une poupe robustes en V aux bords marqu\u00e9s pour une stabilit\u00e9 directionnelle optimale et un excellent contr\u00f4le des virages.<br \/>Ce mod\u00e8le est \u00e9quip\u00e9 d&rsquo;une d\u00e9rive pliable et r\u00e9glable pour optimiser la navigation dans le vent et les courants.<br \/>L&rsquo;Essence 16 est id\u00e9al si vous pagayez avec vivacit\u00e9 et agilit\u00e9. Son ergonomie, plus pr\u00e9cise que celle de l&rsquo;Essence 17, permet un contr\u00f4le pr\u00e9cis. Il convient parfaitement aux pagayeurs de petite et moyenne taille.<\/p>\n<p><strong>Caract\u00e9ristiques de l&rsquo;Essence 16\u00a0:<\/strong><br \/>Longueur\u00a0: 500\u00a0cm<br \/>Largeur\u00a0: 57\u00a0cm<br \/>Capacit\u00e9\u00a0: 150\u00a0kg<\/p>\n<p><strong>Prix : 1.200 \u20ac (TVA incluse)<\/strong><br \/><span style=\"color: #00a859;\"><strong>En stock<\/strong><\/span><\/p>\n","protected":false},"excerpt":{"rendered":"<p>Les sensations fortes et l&rsquo;exp\u00e9rience du kayak de mer ne sont pas r\u00e9serv\u00e9es aux experts\u2026 Cependant, si votre exp\u00e9dition n\u00e9cessite une carte, vous aurez besoin de la vitesse, du confort et du rangement suppl\u00e9mentaires de la gamme Essence.Le kayak de mer le plus polyvalent et le plus confortable du march\u00e9. Dot\u00e9 d&rsquo;une coque moderne, il [&#8230;]\n","protected":false},"featured_media":15151,"comment_status":"closed","ping_status":"closed","template":"","meta":{"_acf_changed":false,"_joinchat":[]},"product_brand":[],"product_cat":[161],"product_tag":[],"class_list":{"0":"post-8869","1":"product","2":"type-product","3":"status-publish","4":"has-post-thumbnail","6":"product_cat-produits-vedettes","8":"first","9":"instock","10":"shipping-taxable","11":"product-type-simple"},"acf":[],"yoast_head":"<!-- This site is optimized with the Yoast SEO plugin v27.1.1 - https:\/\/yoast.com\/product\/yoast-seo-wordpress\/ -->\n<title>Kayak de mer Essence 16 by PERCEPTION | Menorca en Kayak<\/title>\n<meta name=\"robots\" content=\"index, follow, max-snippet:-1, max-image-preview:large, max-video-preview:-1\" \/>\n<link rel=\"canonical\" href=\"https:\/\/menorcaenkayak.com\/fr\/product\/rocker-5-1-de-fun-run\/\" \/>\n<meta property=\"og:locale\" content=\"fr_FR\" \/>\n<meta property=\"og:type\" content=\"article\" \/>\n<meta property=\"og:title\" content=\"Kayak de mer Essence 16 by PERCEPTION | Menorca en Kayak\" \/>\n<meta property=\"og:description\" content=\"Les sensations fortes et l&rsquo;exp\u00e9rience du kayak de mer ne sont pas r\u00e9serv\u00e9es aux experts\u2026 Cependant, si votre exp\u00e9dition n\u00e9cessite une carte, vous aurez besoin de la vitesse, du confort et du rangement suppl\u00e9mentaires de la gamme Essence.Le kayak de mer le plus polyvalent et le plus confortable du march\u00e9. Dot\u00e9 d&rsquo;une coque moderne, il [...]\" \/>\n<meta property=\"og:url\" content=\"https:\/\/menorcaenkayak.com\/fr\/product\/rocker-5-1-de-fun-run\/\" \/>\n<meta property=\"og:site_name\" content=\"Menorca en Kayak\" \/>\n<meta property=\"article:modified_time\" content=\"2025-07-13T16:30:27+00:00\" \/>\n<meta property=\"og:image\" content=\"https:\/\/menorcaenkayak.com\/wp-content\/uploads\/2016\/10\/Essence-16_Top-Side.png\" \/>\n\t<meta property=\"og:image:width\" content=\"1225\" \/>\n\t<meta property=\"og:image:height\" content=\"380\" \/>\n\t<meta property=\"og:image:type\" content=\"image\/png\" \/>\n<meta name=\"twitter:card\" content=\"summary_large_image\" \/>\n<meta name=\"twitter:label1\" content=\"Dur\u00e9e de lecture estim\u00e9e\" \/>\n\t<meta name=\"twitter:data1\" content=\"1 minute\" \/>\n<script type=\"application\/ld+json\" class=\"yoast-schema-graph\">{\"@context\":\"https:\/\/schema.org\",\"@graph\":[{\"@type\":\"WebPage\",\"@id\":\"https:\/\/menorcaenkayak.com\/fr\/product\/rocker-5-1-de-fun-run\/\",\"url\":\"https:\/\/menorcaenkayak.com\/fr\/product\/rocker-5-1-de-fun-run\/\",\"name\":\"Kayak de mer Essence 16 by PERCEPTION | Menorca en Kayak\",\"isPartOf\":{\"@id\":\"https:\/\/menorcaenkayak.com\/fr\/#website\"},\"primaryImageOfPage\":{\"@id\":\"https:\/\/menorcaenkayak.com\/fr\/product\/rocker-5-1-de-fun-run\/#primaryimage\"},\"image\":{\"@id\":\"https:\/\/menorcaenkayak.com\/fr\/product\/rocker-5-1-de-fun-run\/#primaryimage\"},\"thumbnailUrl\":\"https:\/\/cdn.menorcaenkayak.com\/wp-content\/uploads\/2016\/10\/Essence-16_Top-Side.png?strip=all\",\"datePublished\":\"2017-01-31T23:22:36+00:00\",\"dateModified\":\"2025-07-13T16:30:27+00:00\",\"breadcrumb\":{\"@id\":\"https:\/\/menorcaenkayak.com\/fr\/product\/rocker-5-1-de-fun-run\/#breadcrumb\"},\"inLanguage\":\"fr-FR\",\"potentialAction\":[{\"@type\":\"ReadAction\",\"target\":[\"https:\/\/menorcaenkayak.com\/fr\/product\/rocker-5-1-de-fun-run\/\"]}]},{\"@type\":\"ImageObject\",\"inLanguage\":\"fr-FR\",\"@id\":\"https:\/\/menorcaenkayak.com\/fr\/product\/rocker-5-1-de-fun-run\/#primaryimage\",\"url\":\"https:\/\/cdn.menorcaenkayak.com\/wp-content\/uploads\/2016\/10\/Essence-16_Top-Side.png?strip=all\",\"contentUrl\":\"https:\/\/cdn.menorcaenkayak.com\/wp-content\/uploads\/2016\/10\/Essence-16_Top-Side.png?strip=all\",\"width\":1225,\"height\":380},{\"@type\":\"BreadcrumbList\",\"@id\":\"https:\/\/menorcaenkayak.com\/fr\/product\/rocker-5-1-de-fun-run\/#breadcrumb\",\"itemListElement\":[{\"@type\":\"ListItem\",\"position\":1,\"name\":\"Portada\",\"item\":\"https:\/\/menorcaenkayak.com\/fr\/\"},{\"@type\":\"ListItem\",\"position\":2,\"name\":\"Produits\",\"item\":\"https:\/\/menorcaenkayak.com\/fr\/shop\/\"},{\"@type\":\"ListItem\",\"position\":3,\"name\":\"Kayak de mer Essence 16 by PERCEPTION\"}]},{\"@type\":\"WebSite\",\"@id\":\"https:\/\/menorcaenkayak.com\/fr\/#website\",\"url\":\"https:\/\/menorcaenkayak.com\/fr\/\",\"name\":\"Menorca en Kayak\",\"description\":\"Alquiler, excursiones, rutas, cursos | Vuelta a la isla\",\"potentialAction\":[{\"@type\":\"SearchAction\",\"target\":{\"@type\":\"EntryPoint\",\"urlTemplate\":\"https:\/\/menorcaenkayak.com\/fr\/?s={search_term_string}\"},\"query-input\":{\"@type\":\"PropertyValueSpecification\",\"valueRequired\":true,\"valueName\":\"search_term_string\"}}],\"inLanguage\":\"fr-FR\"}]}<\/script>\n<!-- \/ Yoast SEO plugin. -->","yoast_head_json":{"title":"Kayak de mer Essence 16 by PERCEPTION | Menorca en Kayak","robots":{"index":"index","follow":"follow","max-snippet":"max-snippet:-1","max-image-preview":"max-image-preview:large","max-video-preview":"max-video-preview:-1"},"canonical":"https:\/\/menorcaenkayak.com\/fr\/product\/rocker-5-1-de-fun-run\/","og_locale":"fr_FR","og_type":"article","og_title":"Kayak de mer Essence 16 by PERCEPTION | Menorca en Kayak","og_description":"Les sensations fortes et l&rsquo;exp\u00e9rience du kayak de mer ne sont pas r\u00e9serv\u00e9es aux experts\u2026 Cependant, si votre exp\u00e9dition n\u00e9cessite une carte, vous aurez besoin de la vitesse, du confort et du rangement suppl\u00e9mentaires de la gamme Essence.Le kayak de mer le plus polyvalent et le plus confortable du march\u00e9. Dot\u00e9 d&rsquo;une coque moderne, il [...]","og_url":"https:\/\/menorcaenkayak.com\/fr\/product\/rocker-5-1-de-fun-run\/","og_site_name":"Menorca en Kayak","article_modified_time":"2025-07-13T16:30:27+00:00","og_image":[{"width":1225,"height":380,"url":"https:\/\/menorcaenkayak.com\/wp-content\/uploads\/2016\/10\/Essence-16_Top-Side.png","type":"image\/png"}],"twitter_card":"summary_large_image","twitter_misc":{"Dur\u00e9e de lecture estim\u00e9e":"1 minute"},"schema":{"@context":"https:\/\/schema.org","@graph":[{"@type":"WebPage","@id":"https:\/\/menorcaenkayak.com\/fr\/product\/rocker-5-1-de-fun-run\/","url":"https:\/\/menorcaenkayak.com\/fr\/product\/rocker-5-1-de-fun-run\/","name":"Kayak de mer Essence 16 by PERCEPTION | Menorca en Kayak","isPartOf":{"@id":"https:\/\/menorcaenkayak.com\/fr\/#website"},"primaryImageOfPage":{"@id":"https:\/\/menorcaenkayak.com\/fr\/product\/rocker-5-1-de-fun-run\/#primaryimage"},"image":{"@id":"https:\/\/menorcaenkayak.com\/fr\/product\/rocker-5-1-de-fun-run\/#primaryimage"},"thumbnailUrl":"https:\/\/cdn.menorcaenkayak.com\/wp-content\/uploads\/2016\/10\/Essence-16_Top-Side.png?strip=all","datePublished":"2017-01-31T23:22:36+00:00","dateModified":"2025-07-13T16:30:27+00:00","breadcrumb":{"@id":"https:\/\/menorcaenkayak.com\/fr\/product\/rocker-5-1-de-fun-run\/#breadcrumb"},"inLanguage":"fr-FR","potentialAction":[{"@type":"ReadAction","target":["https:\/\/menorcaenkayak.com\/fr\/product\/rocker-5-1-de-fun-run\/"]}]},{"@type":"ImageObject","inLanguage":"fr-FR","@id":"https:\/\/menorcaenkayak.com\/fr\/product\/rocker-5-1-de-fun-run\/#primaryimage","url":"https:\/\/cdn.menorcaenkayak.com\/wp-content\/uploads\/2016\/10\/Essence-16_Top-Side.png?strip=all","contentUrl":"https:\/\/cdn.menorcaenkayak.com\/wp-content\/uploads\/2016\/10\/Essence-16_Top-Side.png?strip=all","width":1225,"height":380},{"@type":"BreadcrumbList","@id":"https:\/\/menorcaenkayak.com\/fr\/product\/rocker-5-1-de-fun-run\/#breadcrumb","itemListElement":[{"@type":"ListItem","position":1,"name":"Portada","item":"https:\/\/menorcaenkayak.com\/fr\/"},{"@type":"ListItem","position":2,"name":"Produits","item":"https:\/\/menorcaenkayak.com\/fr\/shop\/"},{"@type":"ListItem","position":3,"name":"Kayak de mer Essence 16 by PERCEPTION"}]},{"@type":"WebSite","@id":"https:\/\/menorcaenkayak.com\/fr\/#website","url":"https:\/\/menorcaenkayak.com\/fr\/","name":"Menorca en Kayak","description":"Alquiler, excursiones, rutas, cursos | Vuelta a la isla","potentialAction":[{"@type":"SearchAction","target":{"@type":"EntryPoint","urlTemplate":"https:\/\/menorcaenkayak.com\/fr\/?s={search_term_string}"},"query-input":{"@type":"PropertyValueSpecification","valueRequired":true,"valueName":"search_term_string"}}],"inLanguage":"fr-FR"}]}},"_links":{"self":[{"href":"https:\/\/menorcaenkayak.com\/fr\/wp-json\/wp\/v2\/product\/8869","targetHints":{"allow":["GET"]}}],"collection":[{"href":"https:\/\/menorcaenkayak.com\/fr\/wp-json\/wp\/v2\/product"}],"about":[{"href":"https:\/\/menorcaenkayak.com\/fr\/wp-json\/wp\/v2\/types\/product"}],"replies":[{"embeddable":true,"href":"https:\/\/menorcaenkayak.com\/fr\/wp-json\/wp\/v2\/comments?post=8869"}],"wp:featuredmedia":[{"embeddable":true,"href":"https:\/\/menorcaenkayak.com\/fr\/wp-json\/wp\/v2\/media\/15151"}],"wp:attachment":[{"href":"https:\/\/menorcaenkayak.com\/fr\/wp-json\/wp\/v2\/media?parent=8869"}],"wp:term":[{"taxonomy":"product_brand","embeddable":true,"href":"https:\/\/menorcaenkayak.com\/fr\/wp-json\/wp\/v2\/product_brand?post=8869"},{"taxonomy":"product_cat","embeddable":true,"href":"https:\/\/menorcaenkayak.com\/fr\/wp-json\/wp\/v2\/product_cat?post=8869"},{"taxonomy":"product_tag","embeddable":true,"href":"https:\/\/menorcaenkayak.com\/fr\/wp-json\/wp\/v2\/product_tag?post=8869"}],"curies":[{"name":"wp","href":"https:\/\/api.w.org\/{rel}","templated":true}]}}