{"id":8867,"date":"2017-01-31T13:51:09","date_gmt":"2017-01-31T13:51:09","guid":{"rendered":"https:\/\/menorcaenkayak.com\/newsite\/fr\/?p=6752"},"modified":"2025-07-13T16:14:18","modified_gmt":"2025-07-13T16:14:18","slug":"tempest-165-de-wilderness-systems","status":"publish","type":"product","link":"https:\/\/menorcaenkayak.com\/fr\/product\/tempest-165-de-wilderness-systems\/","title":{"rendered":"Kayak de mer TEMPEST 165 by Wilderness Systems"},"content":{"rendered":"<p><strong>Kayak de mer TEMPEST 165 <\/strong>by\u00a0Wilderness Systems<\/p>\n<p>Si la mer \u00e9tait une jungle, le roi des kayaks de mer serait le Tempest, le roi des kayaks de mer. Son design a r\u00e9volutionn\u00e9 les r\u00e8gles et c&rsquo;est le kayak le plus prim\u00e9. Son secret ? La simplicit\u00e9 et une coque parfaitement con\u00e7ue qui s&rsquo;adapte parfaitement au pagayeur. En navigation, la sensation est celle d&rsquo;un contr\u00f4le total et d&rsquo;une libert\u00e9 totale. Sa coque en V progressive en fait un kayak docile et audacieux. Contrairement aux mod\u00e8les similaires, sa stabilit\u00e9 secondaire est progressive, procurant une sensation de s\u00e9curit\u00e9 et de stabilit\u00e9 accrues. Son fourreau et sa longueur le rendent rapide, sa poupe corrige la d\u00e9rive et son baquet avant abaiss\u00e9 offre un contr\u00f4le maximal du bateau.<\/p>\n<p><strong>Caract\u00e9ristiques du TEMPEST 165:<\/strong><\/p>\n<p>Longueur : 503 cm<br \/>Largeur : 55 cm<br \/>Poids : 24 kg<br \/>Capacit\u00e9 de charge : 136 kg<br \/>Prix :<br \/><span style=\"color: #00a859;\"><strong>Sans stock<\/strong><\/span><\/p>\n","protected":false},"excerpt":{"rendered":"<p>Kayak de mer TEMPEST 165 by\u00a0Wilderness Systems Si la mer \u00e9tait une jungle, le roi des kayaks de mer serait le Tempest, le roi des kayaks de mer. Son design a r\u00e9volutionn\u00e9 les r\u00e8gles et c&rsquo;est le kayak le plus prim\u00e9. Son secret ? La simplicit\u00e9 et une coque parfaitement con\u00e7ue qui s&rsquo;adapte parfaitement au [&#8230;]\n","protected":false},"featured_media":8229,"comment_status":"closed","ping_status":"closed","template":"","meta":{"_acf_changed":false,"_joinchat":[]},"product_brand":[],"product_cat":[161],"product_tag":[],"class_list":{"0":"post-8867","1":"product","2":"type-product","3":"status-publish","4":"has-post-thumbnail","6":"product_cat-produits-vedettes","8":"first","9":"instock","10":"shipping-taxable","11":"product-type-simple"},"acf":[],"yoast_head":"<!-- This site is optimized with the Yoast SEO plugin v27.1.1 - https:\/\/yoast.com\/product\/yoast-seo-wordpress\/ -->\n<title>Kayak de mer TEMPEST 165 by Wilderness Systems | Menorca en Kayak<\/title>\n<meta name=\"robots\" content=\"index, follow, max-snippet:-1, max-image-preview:large, max-video-preview:-1\" \/>\n<link rel=\"canonical\" href=\"https:\/\/menorcaenkayak.com\/fr\/product\/tempest-165-de-wilderness-systems\/\" \/>\n<meta property=\"og:locale\" content=\"fr_FR\" \/>\n<meta property=\"og:type\" content=\"article\" \/>\n<meta property=\"og:title\" content=\"Kayak de mer TEMPEST 165 by Wilderness Systems | Menorca en Kayak\" \/>\n<meta property=\"og:description\" content=\"Kayak de mer TEMPEST 165 by\u00a0Wilderness Systems Si la mer \u00e9tait une jungle, le roi des kayaks de mer serait le Tempest, le roi des kayaks de mer. Son design a r\u00e9volutionn\u00e9 les r\u00e8gles et c&rsquo;est le kayak le plus prim\u00e9. Son secret ? La simplicit\u00e9 et une coque parfaitement con\u00e7ue qui s&rsquo;adapte parfaitement au [...]\" \/>\n<meta property=\"og:url\" content=\"https:\/\/menorcaenkayak.com\/fr\/product\/tempest-165-de-wilderness-systems\/\" \/>\n<meta property=\"og:site_name\" content=\"Menorca en Kayak\" \/>\n<meta property=\"article:modified_time\" content=\"2025-07-13T16:14:18+00:00\" \/>\n<meta property=\"og:image\" content=\"https:\/\/menorcaenkayak.com\/wp-content\/uploads\/2016\/04\/Tempest-2-e1484832926584.png\" \/>\n\t<meta property=\"og:image:width\" content=\"1137\" \/>\n\t<meta property=\"og:image:height\" content=\"279\" \/>\n\t<meta property=\"og:image:type\" content=\"image\/png\" \/>\n<meta name=\"twitter:card\" content=\"summary_large_image\" \/>\n<meta name=\"twitter:label1\" content=\"Dur\u00e9e de lecture estim\u00e9e\" \/>\n\t<meta name=\"twitter:data1\" content=\"1 minute\" \/>\n<script type=\"application\/ld+json\" class=\"yoast-schema-graph\">{\"@context\":\"https:\/\/schema.org\",\"@graph\":[{\"@type\":\"WebPage\",\"@id\":\"https:\/\/menorcaenkayak.com\/fr\/product\/tempest-165-de-wilderness-systems\/\",\"url\":\"https:\/\/menorcaenkayak.com\/fr\/product\/tempest-165-de-wilderness-systems\/\",\"name\":\"Kayak de mer TEMPEST 165 by Wilderness Systems | Menorca en Kayak\",\"isPartOf\":{\"@id\":\"https:\/\/menorcaenkayak.com\/fr\/#website\"},\"primaryImageOfPage\":{\"@id\":\"https:\/\/menorcaenkayak.com\/fr\/product\/tempest-165-de-wilderness-systems\/#primaryimage\"},\"image\":{\"@id\":\"https:\/\/menorcaenkayak.com\/fr\/product\/tempest-165-de-wilderness-systems\/#primaryimage\"},\"thumbnailUrl\":\"https:\/\/cdn.menorcaenkayak.com\/newsite\/wp-content\/uploads\/Tempest-2.png?strip=all\",\"datePublished\":\"2017-01-31T13:51:09+00:00\",\"dateModified\":\"2025-07-13T16:14:18+00:00\",\"breadcrumb\":{\"@id\":\"https:\/\/menorcaenkayak.com\/fr\/product\/tempest-165-de-wilderness-systems\/#breadcrumb\"},\"inLanguage\":\"fr-FR\",\"potentialAction\":[{\"@type\":\"ReadAction\",\"target\":[\"https:\/\/menorcaenkayak.com\/fr\/product\/tempest-165-de-wilderness-systems\/\"]}]},{\"@type\":\"ImageObject\",\"inLanguage\":\"fr-FR\",\"@id\":\"https:\/\/menorcaenkayak.com\/fr\/product\/tempest-165-de-wilderness-systems\/#primaryimage\",\"url\":\"https:\/\/cdn.menorcaenkayak.com\/newsite\/wp-content\/uploads\/Tempest-2.png?strip=all\",\"contentUrl\":\"https:\/\/cdn.menorcaenkayak.com\/newsite\/wp-content\/uploads\/Tempest-2.png?strip=all\",\"width\":1137,\"height\":279},{\"@type\":\"BreadcrumbList\",\"@id\":\"https:\/\/menorcaenkayak.com\/fr\/product\/tempest-165-de-wilderness-systems\/#breadcrumb\",\"itemListElement\":[{\"@type\":\"ListItem\",\"position\":1,\"name\":\"Portada\",\"item\":\"https:\/\/menorcaenkayak.com\/fr\/\"},{\"@type\":\"ListItem\",\"position\":2,\"name\":\"Produits\",\"item\":\"https:\/\/menorcaenkayak.com\/fr\/shop\/\"},{\"@type\":\"ListItem\",\"position\":3,\"name\":\"Kayak de mer TEMPEST 165 by Wilderness Systems\"}]},{\"@type\":\"WebSite\",\"@id\":\"https:\/\/menorcaenkayak.com\/fr\/#website\",\"url\":\"https:\/\/menorcaenkayak.com\/fr\/\",\"name\":\"Menorca en Kayak\",\"description\":\"Alquiler, excursiones, rutas, cursos | Vuelta a la isla\",\"potentialAction\":[{\"@type\":\"SearchAction\",\"target\":{\"@type\":\"EntryPoint\",\"urlTemplate\":\"https:\/\/menorcaenkayak.com\/fr\/?s={search_term_string}\"},\"query-input\":{\"@type\":\"PropertyValueSpecification\",\"valueRequired\":true,\"valueName\":\"search_term_string\"}}],\"inLanguage\":\"fr-FR\"}]}<\/script>\n<!-- \/ Yoast SEO plugin. -->","yoast_head_json":{"title":"Kayak de mer TEMPEST 165 by Wilderness Systems | Menorca en Kayak","robots":{"index":"index","follow":"follow","max-snippet":"max-snippet:-1","max-image-preview":"max-image-preview:large","max-video-preview":"max-video-preview:-1"},"canonical":"https:\/\/menorcaenkayak.com\/fr\/product\/tempest-165-de-wilderness-systems\/","og_locale":"fr_FR","og_type":"article","og_title":"Kayak de mer TEMPEST 165 by Wilderness Systems | Menorca en Kayak","og_description":"Kayak de mer TEMPEST 165 by\u00a0Wilderness Systems Si la mer \u00e9tait une jungle, le roi des kayaks de mer serait le Tempest, le roi des kayaks de mer. Son design a r\u00e9volutionn\u00e9 les r\u00e8gles et c&rsquo;est le kayak le plus prim\u00e9. Son secret ? La simplicit\u00e9 et une coque parfaitement con\u00e7ue qui s&rsquo;adapte parfaitement au [...]","og_url":"https:\/\/menorcaenkayak.com\/fr\/product\/tempest-165-de-wilderness-systems\/","og_site_name":"Menorca en Kayak","article_modified_time":"2025-07-13T16:14:18+00:00","og_image":[{"width":1137,"height":279,"url":"https:\/\/menorcaenkayak.com\/wp-content\/uploads\/2016\/04\/Tempest-2-e1484832926584.png","type":"image\/png"}],"twitter_card":"summary_large_image","twitter_misc":{"Dur\u00e9e de lecture estim\u00e9e":"1 minute"},"schema":{"@context":"https:\/\/schema.org","@graph":[{"@type":"WebPage","@id":"https:\/\/menorcaenkayak.com\/fr\/product\/tempest-165-de-wilderness-systems\/","url":"https:\/\/menorcaenkayak.com\/fr\/product\/tempest-165-de-wilderness-systems\/","name":"Kayak de mer TEMPEST 165 by Wilderness Systems | Menorca en Kayak","isPartOf":{"@id":"https:\/\/menorcaenkayak.com\/fr\/#website"},"primaryImageOfPage":{"@id":"https:\/\/menorcaenkayak.com\/fr\/product\/tempest-165-de-wilderness-systems\/#primaryimage"},"image":{"@id":"https:\/\/menorcaenkayak.com\/fr\/product\/tempest-165-de-wilderness-systems\/#primaryimage"},"thumbnailUrl":"https:\/\/cdn.menorcaenkayak.com\/newsite\/wp-content\/uploads\/Tempest-2.png?strip=all","datePublished":"2017-01-31T13:51:09+00:00","dateModified":"2025-07-13T16:14:18+00:00","breadcrumb":{"@id":"https:\/\/menorcaenkayak.com\/fr\/product\/tempest-165-de-wilderness-systems\/#breadcrumb"},"inLanguage":"fr-FR","potentialAction":[{"@type":"ReadAction","target":["https:\/\/menorcaenkayak.com\/fr\/product\/tempest-165-de-wilderness-systems\/"]}]},{"@type":"ImageObject","inLanguage":"fr-FR","@id":"https:\/\/menorcaenkayak.com\/fr\/product\/tempest-165-de-wilderness-systems\/#primaryimage","url":"https:\/\/cdn.menorcaenkayak.com\/newsite\/wp-content\/uploads\/Tempest-2.png?strip=all","contentUrl":"https:\/\/cdn.menorcaenkayak.com\/newsite\/wp-content\/uploads\/Tempest-2.png?strip=all","width":1137,"height":279},{"@type":"BreadcrumbList","@id":"https:\/\/menorcaenkayak.com\/fr\/product\/tempest-165-de-wilderness-systems\/#breadcrumb","itemListElement":[{"@type":"ListItem","position":1,"name":"Portada","item":"https:\/\/menorcaenkayak.com\/fr\/"},{"@type":"ListItem","position":2,"name":"Produits","item":"https:\/\/menorcaenkayak.com\/fr\/shop\/"},{"@type":"ListItem","position":3,"name":"Kayak de mer TEMPEST 165 by Wilderness Systems"}]},{"@type":"WebSite","@id":"https:\/\/menorcaenkayak.com\/fr\/#website","url":"https:\/\/menorcaenkayak.com\/fr\/","name":"Menorca en Kayak","description":"Alquiler, excursiones, rutas, cursos | Vuelta a la isla","potentialAction":[{"@type":"SearchAction","target":{"@type":"EntryPoint","urlTemplate":"https:\/\/menorcaenkayak.com\/fr\/?s={search_term_string}"},"query-input":{"@type":"PropertyValueSpecification","valueRequired":true,"valueName":"search_term_string"}}],"inLanguage":"fr-FR"}]}},"_links":{"self":[{"href":"https:\/\/menorcaenkayak.com\/fr\/wp-json\/wp\/v2\/product\/8867","targetHints":{"allow":["GET"]}}],"collection":[{"href":"https:\/\/menorcaenkayak.com\/fr\/wp-json\/wp\/v2\/product"}],"about":[{"href":"https:\/\/menorcaenkayak.com\/fr\/wp-json\/wp\/v2\/types\/product"}],"replies":[{"embeddable":true,"href":"https:\/\/menorcaenkayak.com\/fr\/wp-json\/wp\/v2\/comments?post=8867"}],"wp:featuredmedia":[{"embeddable":true,"href":"https:\/\/menorcaenkayak.com\/fr\/wp-json\/wp\/v2\/media\/8229"}],"wp:attachment":[{"href":"https:\/\/menorcaenkayak.com\/fr\/wp-json\/wp\/v2\/media?parent=8867"}],"wp:term":[{"taxonomy":"product_brand","embeddable":true,"href":"https:\/\/menorcaenkayak.com\/fr\/wp-json\/wp\/v2\/product_brand?post=8867"},{"taxonomy":"product_cat","embeddable":true,"href":"https:\/\/menorcaenkayak.com\/fr\/wp-json\/wp\/v2\/product_cat?post=8867"},{"taxonomy":"product_tag","embeddable":true,"href":"https:\/\/menorcaenkayak.com\/fr\/wp-json\/wp\/v2\/product_tag?post=8867"}],"curies":[{"name":"wp","href":"https:\/\/api.w.org\/{rel}","templated":true}]}}