{"id":8865,"date":"2016-10-01T12:02:54","date_gmt":"2016-10-01T12:02:54","guid":{"rendered":"https:\/\/menorcaenkayak.com\/newsite\/fr\/spartan-4-6-m-expedition\/"},"modified":"2025-07-13T16:16:59","modified_gmt":"2025-07-13T16:16:59","slug":"spartan-4-6-m-expedition","status":"publish","type":"product","link":"https:\/\/menorcaenkayak.com\/fr\/product\/spartan-4-6-m-expedition\/","title":{"rendered":"OCEAN QUATRO by Rotomod"},"content":{"rendered":"<p class=\"p1\">\u00a0<\/p>\n<p><strong>Kayak Rotomod OCEAN QUATRO<\/strong><\/p>\n<p>Le kayak ouvert le plus polyvalent, stable et confortable du march\u00e9, tout en \u00e9tant robuste.<br \/>Il est id\u00e9al pour ceux qui recherchent polyvalence, stabilit\u00e9 et s\u00e9curit\u00e9. Il est con\u00e7u avec deux si\u00e8ges (un \u00e0 l&rsquo;avant et un \u00e0 l&rsquo;arri\u00e8re) pour les adultes et deux au centre pour deux enfants ou un animal de compagnie.<br \/>L&rsquo;OCEAN QUATRO est le kayak id\u00e9al pour les familles aventureuses qui souhaitent partir en excursion c\u00f4ti\u00e8re par beau temps, avec une excellente r\u00e9activit\u00e9 par vent et vagues l\u00e9g\u00e8res.<br \/>En version familiale, il est id\u00e9al pour les familles avec enfants et offre une grande capacit\u00e9 de charge.<br \/>Ce kayak est \u00e9quip\u00e9 de deux si\u00e8ges amovibles et de deux pagaies.<\/p>\n<p><strong>Caract\u00e9ristiques de l&rsquo;OCEAN QUATRO:<\/strong><br \/>Longueur\u00a0: 415\u00a0cm<br \/>Largeur\u00a0: 90\u00a0cm<br \/>Capacit\u00e9\u00a0: 2\u00a0adultes + 2\u00a0enfants<br \/>Charge maximale\u00a0: 260\u00a0kg<br \/>Poids\u00a0: 34\u00a0kg<\/p>\n<p><strong>Prix\u00a0: 920\u00a0euros<br \/><\/strong><span style=\"color: #00a859;\"><strong>1\u00a0unit\u00e9 en stock<\/strong><\/span><\/p>\n\n","protected":false},"excerpt":{"rendered":"<p>\u00a0 Kayak Rotomod OCEAN QUATRO Le kayak ouvert le plus polyvalent, stable et confortable du march\u00e9, tout en \u00e9tant robuste.Il est id\u00e9al pour ceux qui recherchent polyvalence, stabilit\u00e9 et s\u00e9curit\u00e9. Il est con\u00e7u avec deux si\u00e8ges (un \u00e0 l&rsquo;avant et un \u00e0 l&rsquo;arri\u00e8re) pour les adultes et deux au centre pour deux enfants ou un [&#8230;]\n","protected":false},"featured_media":15126,"comment_status":"closed","ping_status":"closed","template":"","meta":{"_acf_changed":false,"_joinchat":[]},"product_brand":[],"product_cat":[161],"product_tag":[],"class_list":{"0":"post-8865","1":"product","2":"type-product","3":"status-publish","4":"has-post-thumbnail","6":"product_cat-produits-vedettes","8":"first","9":"instock","10":"featured","11":"shipping-taxable","12":"product-type-simple"},"acf":[],"yoast_head":"<!-- This site is optimized with the Yoast SEO plugin v27.1.1 - https:\/\/yoast.com\/product\/yoast-seo-wordpress\/ -->\n<title>OCEAN QUATRO by Rotomod | Menorca en Kayak<\/title>\n<meta name=\"robots\" content=\"index, follow, max-snippet:-1, max-image-preview:large, max-video-preview:-1\" \/>\n<link rel=\"canonical\" href=\"https:\/\/menorcaenkayak.com\/fr\/product\/spartan-4-6-m-expedition\/\" \/>\n<meta property=\"og:locale\" content=\"fr_FR\" \/>\n<meta property=\"og:type\" content=\"article\" \/>\n<meta property=\"og:title\" content=\"OCEAN QUATRO by Rotomod | Menorca en Kayak\" \/>\n<meta property=\"og:description\" content=\"\u00a0 Kayak Rotomod OCEAN QUATRO Le kayak ouvert le plus polyvalent, stable et confortable du march\u00e9, tout en \u00e9tant robuste.Il est id\u00e9al pour ceux qui recherchent polyvalence, stabilit\u00e9 et s\u00e9curit\u00e9. Il est con\u00e7u avec deux si\u00e8ges (un \u00e0 l&rsquo;avant et un \u00e0 l&rsquo;arri\u00e8re) pour les adultes et deux au centre pour deux enfants ou un [...]\" \/>\n<meta property=\"og:url\" content=\"https:\/\/menorcaenkayak.com\/fr\/product\/spartan-4-6-m-expedition\/\" \/>\n<meta property=\"og:site_name\" content=\"Menorca en Kayak\" \/>\n<meta property=\"article:modified_time\" content=\"2025-07-13T16:16:59+00:00\" \/>\n<meta property=\"og:image\" content=\"https:\/\/menorcaenkayak.com\/wp-content\/uploads\/2016\/10\/OCEAN-DUO-SOLEIL-PACK-1.jpeg\" \/>\n\t<meta property=\"og:image:width\" content=\"946\" \/>\n\t<meta property=\"og:image:height\" content=\"532\" \/>\n\t<meta property=\"og:image:type\" content=\"image\/jpeg\" \/>\n<meta name=\"twitter:card\" content=\"summary_large_image\" \/>\n<meta name=\"twitter:label1\" content=\"Dur\u00e9e de lecture estim\u00e9e\" \/>\n\t<meta name=\"twitter:data1\" content=\"1 minute\" \/>\n<script type=\"application\/ld+json\" class=\"yoast-schema-graph\">{\"@context\":\"https:\/\/schema.org\",\"@graph\":[{\"@type\":\"WebPage\",\"@id\":\"https:\/\/menorcaenkayak.com\/fr\/product\/spartan-4-6-m-expedition\/\",\"url\":\"https:\/\/menorcaenkayak.com\/fr\/product\/spartan-4-6-m-expedition\/\",\"name\":\"OCEAN QUATRO by Rotomod | Menorca en Kayak\",\"isPartOf\":{\"@id\":\"https:\/\/menorcaenkayak.com\/fr\/#website\"},\"primaryImageOfPage\":{\"@id\":\"https:\/\/menorcaenkayak.com\/fr\/product\/spartan-4-6-m-expedition\/#primaryimage\"},\"image\":{\"@id\":\"https:\/\/menorcaenkayak.com\/fr\/product\/spartan-4-6-m-expedition\/#primaryimage\"},\"thumbnailUrl\":\"https:\/\/cdn.menorcaenkayak.com\/wp-content\/uploads\/2016\/10\/OCEAN-DUO-SOLEIL-PACK-1.jpeg?strip=all\",\"datePublished\":\"2016-10-01T12:02:54+00:00\",\"dateModified\":\"2025-07-13T16:16:59+00:00\",\"breadcrumb\":{\"@id\":\"https:\/\/menorcaenkayak.com\/fr\/product\/spartan-4-6-m-expedition\/#breadcrumb\"},\"inLanguage\":\"fr-FR\",\"potentialAction\":[{\"@type\":\"ReadAction\",\"target\":[\"https:\/\/menorcaenkayak.com\/fr\/product\/spartan-4-6-m-expedition\/\"]}]},{\"@type\":\"ImageObject\",\"inLanguage\":\"fr-FR\",\"@id\":\"https:\/\/menorcaenkayak.com\/fr\/product\/spartan-4-6-m-expedition\/#primaryimage\",\"url\":\"https:\/\/cdn.menorcaenkayak.com\/wp-content\/uploads\/2016\/10\/OCEAN-DUO-SOLEIL-PACK-1.jpeg?strip=all\",\"contentUrl\":\"https:\/\/cdn.menorcaenkayak.com\/wp-content\/uploads\/2016\/10\/OCEAN-DUO-SOLEIL-PACK-1.jpeg?strip=all\",\"width\":946,\"height\":532},{\"@type\":\"BreadcrumbList\",\"@id\":\"https:\/\/menorcaenkayak.com\/fr\/product\/spartan-4-6-m-expedition\/#breadcrumb\",\"itemListElement\":[{\"@type\":\"ListItem\",\"position\":1,\"name\":\"Portada\",\"item\":\"https:\/\/menorcaenkayak.com\/fr\/\"},{\"@type\":\"ListItem\",\"position\":2,\"name\":\"Produits\",\"item\":\"https:\/\/menorcaenkayak.com\/fr\/shop\/\"},{\"@type\":\"ListItem\",\"position\":3,\"name\":\"OCEAN QUATRO by Rotomod\"}]},{\"@type\":\"WebSite\",\"@id\":\"https:\/\/menorcaenkayak.com\/fr\/#website\",\"url\":\"https:\/\/menorcaenkayak.com\/fr\/\",\"name\":\"Menorca en Kayak\",\"description\":\"Alquiler, excursiones, rutas, cursos | Vuelta a la isla\",\"potentialAction\":[{\"@type\":\"SearchAction\",\"target\":{\"@type\":\"EntryPoint\",\"urlTemplate\":\"https:\/\/menorcaenkayak.com\/fr\/?s={search_term_string}\"},\"query-input\":{\"@type\":\"PropertyValueSpecification\",\"valueRequired\":true,\"valueName\":\"search_term_string\"}}],\"inLanguage\":\"fr-FR\"}]}<\/script>\n<!-- \/ Yoast SEO plugin. -->","yoast_head_json":{"title":"OCEAN QUATRO by Rotomod | Menorca en Kayak","robots":{"index":"index","follow":"follow","max-snippet":"max-snippet:-1","max-image-preview":"max-image-preview:large","max-video-preview":"max-video-preview:-1"},"canonical":"https:\/\/menorcaenkayak.com\/fr\/product\/spartan-4-6-m-expedition\/","og_locale":"fr_FR","og_type":"article","og_title":"OCEAN QUATRO by Rotomod | Menorca en Kayak","og_description":"\u00a0 Kayak Rotomod OCEAN QUATRO Le kayak ouvert le plus polyvalent, stable et confortable du march\u00e9, tout en \u00e9tant robuste.Il est id\u00e9al pour ceux qui recherchent polyvalence, stabilit\u00e9 et s\u00e9curit\u00e9. Il est con\u00e7u avec deux si\u00e8ges (un \u00e0 l&rsquo;avant et un \u00e0 l&rsquo;arri\u00e8re) pour les adultes et deux au centre pour deux enfants ou un [...]","og_url":"https:\/\/menorcaenkayak.com\/fr\/product\/spartan-4-6-m-expedition\/","og_site_name":"Menorca en Kayak","article_modified_time":"2025-07-13T16:16:59+00:00","og_image":[{"width":946,"height":532,"url":"https:\/\/menorcaenkayak.com\/wp-content\/uploads\/2016\/10\/OCEAN-DUO-SOLEIL-PACK-1.jpeg","type":"image\/jpeg"}],"twitter_card":"summary_large_image","twitter_misc":{"Dur\u00e9e de lecture estim\u00e9e":"1 minute"},"schema":{"@context":"https:\/\/schema.org","@graph":[{"@type":"WebPage","@id":"https:\/\/menorcaenkayak.com\/fr\/product\/spartan-4-6-m-expedition\/","url":"https:\/\/menorcaenkayak.com\/fr\/product\/spartan-4-6-m-expedition\/","name":"OCEAN QUATRO by Rotomod | Menorca en Kayak","isPartOf":{"@id":"https:\/\/menorcaenkayak.com\/fr\/#website"},"primaryImageOfPage":{"@id":"https:\/\/menorcaenkayak.com\/fr\/product\/spartan-4-6-m-expedition\/#primaryimage"},"image":{"@id":"https:\/\/menorcaenkayak.com\/fr\/product\/spartan-4-6-m-expedition\/#primaryimage"},"thumbnailUrl":"https:\/\/cdn.menorcaenkayak.com\/wp-content\/uploads\/2016\/10\/OCEAN-DUO-SOLEIL-PACK-1.jpeg?strip=all","datePublished":"2016-10-01T12:02:54+00:00","dateModified":"2025-07-13T16:16:59+00:00","breadcrumb":{"@id":"https:\/\/menorcaenkayak.com\/fr\/product\/spartan-4-6-m-expedition\/#breadcrumb"},"inLanguage":"fr-FR","potentialAction":[{"@type":"ReadAction","target":["https:\/\/menorcaenkayak.com\/fr\/product\/spartan-4-6-m-expedition\/"]}]},{"@type":"ImageObject","inLanguage":"fr-FR","@id":"https:\/\/menorcaenkayak.com\/fr\/product\/spartan-4-6-m-expedition\/#primaryimage","url":"https:\/\/cdn.menorcaenkayak.com\/wp-content\/uploads\/2016\/10\/OCEAN-DUO-SOLEIL-PACK-1.jpeg?strip=all","contentUrl":"https:\/\/cdn.menorcaenkayak.com\/wp-content\/uploads\/2016\/10\/OCEAN-DUO-SOLEIL-PACK-1.jpeg?strip=all","width":946,"height":532},{"@type":"BreadcrumbList","@id":"https:\/\/menorcaenkayak.com\/fr\/product\/spartan-4-6-m-expedition\/#breadcrumb","itemListElement":[{"@type":"ListItem","position":1,"name":"Portada","item":"https:\/\/menorcaenkayak.com\/fr\/"},{"@type":"ListItem","position":2,"name":"Produits","item":"https:\/\/menorcaenkayak.com\/fr\/shop\/"},{"@type":"ListItem","position":3,"name":"OCEAN QUATRO by Rotomod"}]},{"@type":"WebSite","@id":"https:\/\/menorcaenkayak.com\/fr\/#website","url":"https:\/\/menorcaenkayak.com\/fr\/","name":"Menorca en Kayak","description":"Alquiler, excursiones, rutas, cursos | Vuelta a la isla","potentialAction":[{"@type":"SearchAction","target":{"@type":"EntryPoint","urlTemplate":"https:\/\/menorcaenkayak.com\/fr\/?s={search_term_string}"},"query-input":{"@type":"PropertyValueSpecification","valueRequired":true,"valueName":"search_term_string"}}],"inLanguage":"fr-FR"}]}},"_links":{"self":[{"href":"https:\/\/menorcaenkayak.com\/fr\/wp-json\/wp\/v2\/product\/8865","targetHints":{"allow":["GET"]}}],"collection":[{"href":"https:\/\/menorcaenkayak.com\/fr\/wp-json\/wp\/v2\/product"}],"about":[{"href":"https:\/\/menorcaenkayak.com\/fr\/wp-json\/wp\/v2\/types\/product"}],"replies":[{"embeddable":true,"href":"https:\/\/menorcaenkayak.com\/fr\/wp-json\/wp\/v2\/comments?post=8865"}],"wp:featuredmedia":[{"embeddable":true,"href":"https:\/\/menorcaenkayak.com\/fr\/wp-json\/wp\/v2\/media\/15126"}],"wp:attachment":[{"href":"https:\/\/menorcaenkayak.com\/fr\/wp-json\/wp\/v2\/media?parent=8865"}],"wp:term":[{"taxonomy":"product_brand","embeddable":true,"href":"https:\/\/menorcaenkayak.com\/fr\/wp-json\/wp\/v2\/product_brand?post=8865"},{"taxonomy":"product_cat","embeddable":true,"href":"https:\/\/menorcaenkayak.com\/fr\/wp-json\/wp\/v2\/product_cat?post=8865"},{"taxonomy":"product_tag","embeddable":true,"href":"https:\/\/menorcaenkayak.com\/fr\/wp-json\/wp\/v2\/product_tag?post=8865"}],"curies":[{"name":"wp","href":"https:\/\/api.w.org\/{rel}","templated":true}]}}