{"id":8864,"date":"2017-01-31T09:32:18","date_gmt":"2017-01-31T09:32:18","guid":{"rendered":"https:\/\/menorcaenkayak.com\/newsite\/fr\/kayaks-dobles-segunda-mano\/"},"modified":"2022-06-16T16:42:49","modified_gmt":"2022-06-16T16:42:49","slug":"kayaks-doubles-doccasion","status":"publish","type":"product","link":"https:\/\/menorcaenkayak.com\/fr\/product\/kayaks-doubles-doccasion\/","title":{"rendered":"KAYAKS DOUBLES d&rsquo;occasion"},"content":{"rendered":"<p><b>OCEAN DUO<\/b> &#8211; RTM Kayaks <span style=\"color: #ff0000;\">PAS DISPONIBLE!<\/span><\/p>\n<p class=\"p1\">R\u00e9f\u00e9rence des kayaks Sit on Top, l\u2019Oc\u00e9an Duo est le bateau le plus polyvalent qui soit.<br \/>\nAutovideur, robuste, pratique, confortable et s\u00fbr, il s\u2019utilise seul, \u00e0 deux ou \u00e0 trois. Id\u00e9al pour la famille, ce kayak est votre compagnon de la balade au surf, en mer comme en rivi\u00e8re.<\/p>\n<p>L&rsquo;<strong>OCEAN DUO<\/strong> est le kayak id\u00e9al pour les familles aventuri\u00e8res qui veulent faire des excursions c\u00f4ti\u00e8res les beaux jours de mer, avec une tr\u00e8s bonne r\u00e9ponse avec un peu de houle et un peu de vent.<br \/>\nDans sa version double, il est id\u00e9al pour les familles avec enfants avec une capacit\u00e9 de charge \u00e9lev\u00e9e.<\/p>\n<p>Ce kayak est \u00e9quip\u00e9 de deux si\u00e8ges amovibles et de deux pagaies.<\/p>\n<p class=\"p1\"><span class=\"s1\"><b>Caracteristiques:<\/b><br \/>\nLongueur : 370 cm<br \/>\nLargeur : 88 cm<br \/>\nProfondeur : 33 cm<br \/>\nPoids : 29 kg<br \/>\nCapacit\u00e9 : 2 adultes + 1 enfant<br \/>\nCharge maximale : 220 kg<\/span><\/p>\n<p><b>Prix: 450 eur.<\/b><\/p>\n","protected":false},"excerpt":{"rendered":"<p>OCEAN DUO &#8211; RTM Kayaks PAS DISPONIBLE! R\u00e9f\u00e9rence des kayaks Sit on Top, l\u2019Oc\u00e9an Duo est le bateau le plus polyvalent qui soit. Autovideur, robuste, pratique, confortable et s\u00fbr, il s\u2019utilise seul, \u00e0 deux ou \u00e0 trois. Id\u00e9al pour la famille, ce kayak est votre compagnon de la balade au surf, en mer comme en [&#8230;]\n","protected":false},"featured_media":15126,"comment_status":"closed","ping_status":"closed","template":"","meta":{"_acf_changed":false,"_joinchat":[]},"product_brand":[],"product_cat":[163],"product_tag":[],"class_list":{"0":"post-8864","1":"product","2":"type-product","3":"status-publish","4":"has-post-thumbnail","6":"product_cat-equipements-doccasion","8":"first","9":"instock","10":"shipping-taxable","11":"product-type-simple"},"acf":[],"yoast_head":"<!-- This site is optimized with the Yoast SEO plugin v27.1.1 - https:\/\/yoast.com\/product\/yoast-seo-wordpress\/ -->\n<title>KAYAKS DOUBLES d&#039;occasion | Menorca en Kayak<\/title>\n<meta name=\"robots\" content=\"index, follow, max-snippet:-1, max-image-preview:large, max-video-preview:-1\" \/>\n<link rel=\"canonical\" href=\"https:\/\/menorcaenkayak.com\/fr\/product\/kayaks-doubles-doccasion\/\" \/>\n<meta property=\"og:locale\" content=\"fr_FR\" \/>\n<meta property=\"og:type\" content=\"article\" \/>\n<meta property=\"og:title\" content=\"KAYAKS DOUBLES d&#039;occasion | Menorca en Kayak\" \/>\n<meta property=\"og:description\" content=\"OCEAN DUO &#8211; RTM Kayaks PAS DISPONIBLE! R\u00e9f\u00e9rence des kayaks Sit on Top, l\u2019Oc\u00e9an Duo est le bateau le plus polyvalent qui soit. Autovideur, robuste, pratique, confortable et s\u00fbr, il s\u2019utilise seul, \u00e0 deux ou \u00e0 trois. Id\u00e9al pour la famille, ce kayak est votre compagnon de la balade au surf, en mer comme en [...]\" \/>\n<meta property=\"og:url\" content=\"https:\/\/menorcaenkayak.com\/fr\/product\/kayaks-doubles-doccasion\/\" \/>\n<meta property=\"og:site_name\" content=\"Menorca en Kayak\" \/>\n<meta property=\"article:modified_time\" content=\"2022-06-16T16:42:49+00:00\" \/>\n<meta property=\"og:image\" content=\"https:\/\/menorcaenkayak.com\/wp-content\/uploads\/2016\/10\/OCEAN-DUO-SOLEIL-PACK-1.jpeg\" \/>\n\t<meta property=\"og:image:width\" content=\"946\" \/>\n\t<meta property=\"og:image:height\" content=\"532\" \/>\n\t<meta property=\"og:image:type\" content=\"image\/jpeg\" \/>\n<meta name=\"twitter:card\" content=\"summary_large_image\" \/>\n<meta name=\"twitter:label1\" content=\"Dur\u00e9e de lecture estim\u00e9e\" \/>\n\t<meta name=\"twitter:data1\" content=\"1 minute\" \/>\n<script type=\"application\/ld+json\" class=\"yoast-schema-graph\">{\"@context\":\"https:\/\/schema.org\",\"@graph\":[{\"@type\":\"WebPage\",\"@id\":\"https:\/\/menorcaenkayak.com\/fr\/product\/kayaks-doubles-doccasion\/\",\"url\":\"https:\/\/menorcaenkayak.com\/fr\/product\/kayaks-doubles-doccasion\/\",\"name\":\"KAYAKS DOUBLES d'occasion | Menorca en Kayak\",\"isPartOf\":{\"@id\":\"https:\/\/menorcaenkayak.com\/fr\/#website\"},\"primaryImageOfPage\":{\"@id\":\"https:\/\/menorcaenkayak.com\/fr\/product\/kayaks-doubles-doccasion\/#primaryimage\"},\"image\":{\"@id\":\"https:\/\/menorcaenkayak.com\/fr\/product\/kayaks-doubles-doccasion\/#primaryimage\"},\"thumbnailUrl\":\"https:\/\/cdn.menorcaenkayak.com\/wp-content\/uploads\/2016\/10\/OCEAN-DUO-SOLEIL-PACK-1.jpeg?strip=all\",\"datePublished\":\"2017-01-31T09:32:18+00:00\",\"dateModified\":\"2022-06-16T16:42:49+00:00\",\"breadcrumb\":{\"@id\":\"https:\/\/menorcaenkayak.com\/fr\/product\/kayaks-doubles-doccasion\/#breadcrumb\"},\"inLanguage\":\"fr-FR\",\"potentialAction\":[{\"@type\":\"ReadAction\",\"target\":[\"https:\/\/menorcaenkayak.com\/fr\/product\/kayaks-doubles-doccasion\/\"]}]},{\"@type\":\"ImageObject\",\"inLanguage\":\"fr-FR\",\"@id\":\"https:\/\/menorcaenkayak.com\/fr\/product\/kayaks-doubles-doccasion\/#primaryimage\",\"url\":\"https:\/\/cdn.menorcaenkayak.com\/wp-content\/uploads\/2016\/10\/OCEAN-DUO-SOLEIL-PACK-1.jpeg?strip=all\",\"contentUrl\":\"https:\/\/cdn.menorcaenkayak.com\/wp-content\/uploads\/2016\/10\/OCEAN-DUO-SOLEIL-PACK-1.jpeg?strip=all\",\"width\":946,\"height\":532},{\"@type\":\"BreadcrumbList\",\"@id\":\"https:\/\/menorcaenkayak.com\/fr\/product\/kayaks-doubles-doccasion\/#breadcrumb\",\"itemListElement\":[{\"@type\":\"ListItem\",\"position\":1,\"name\":\"Portada\",\"item\":\"https:\/\/menorcaenkayak.com\/fr\/\"},{\"@type\":\"ListItem\",\"position\":2,\"name\":\"Produits\",\"item\":\"https:\/\/menorcaenkayak.com\/fr\/shop\/\"},{\"@type\":\"ListItem\",\"position\":3,\"name\":\"KAYAKS DOUBLES d&#8217;occasion\"}]},{\"@type\":\"WebSite\",\"@id\":\"https:\/\/menorcaenkayak.com\/fr\/#website\",\"url\":\"https:\/\/menorcaenkayak.com\/fr\/\",\"name\":\"Menorca en Kayak\",\"description\":\"Alquiler, excursiones, rutas, cursos | Vuelta a la isla\",\"potentialAction\":[{\"@type\":\"SearchAction\",\"target\":{\"@type\":\"EntryPoint\",\"urlTemplate\":\"https:\/\/menorcaenkayak.com\/fr\/?s={search_term_string}\"},\"query-input\":{\"@type\":\"PropertyValueSpecification\",\"valueRequired\":true,\"valueName\":\"search_term_string\"}}],\"inLanguage\":\"fr-FR\"}]}<\/script>\n<!-- \/ Yoast SEO plugin. -->","yoast_head_json":{"title":"KAYAKS DOUBLES d'occasion | Menorca en Kayak","robots":{"index":"index","follow":"follow","max-snippet":"max-snippet:-1","max-image-preview":"max-image-preview:large","max-video-preview":"max-video-preview:-1"},"canonical":"https:\/\/menorcaenkayak.com\/fr\/product\/kayaks-doubles-doccasion\/","og_locale":"fr_FR","og_type":"article","og_title":"KAYAKS DOUBLES d'occasion | Menorca en Kayak","og_description":"OCEAN DUO &#8211; RTM Kayaks PAS DISPONIBLE! R\u00e9f\u00e9rence des kayaks Sit on Top, l\u2019Oc\u00e9an Duo est le bateau le plus polyvalent qui soit. Autovideur, robuste, pratique, confortable et s\u00fbr, il s\u2019utilise seul, \u00e0 deux ou \u00e0 trois. Id\u00e9al pour la famille, ce kayak est votre compagnon de la balade au surf, en mer comme en [...]","og_url":"https:\/\/menorcaenkayak.com\/fr\/product\/kayaks-doubles-doccasion\/","og_site_name":"Menorca en Kayak","article_modified_time":"2022-06-16T16:42:49+00:00","og_image":[{"width":946,"height":532,"url":"https:\/\/menorcaenkayak.com\/wp-content\/uploads\/2016\/10\/OCEAN-DUO-SOLEIL-PACK-1.jpeg","type":"image\/jpeg"}],"twitter_card":"summary_large_image","twitter_misc":{"Dur\u00e9e de lecture estim\u00e9e":"1 minute"},"schema":{"@context":"https:\/\/schema.org","@graph":[{"@type":"WebPage","@id":"https:\/\/menorcaenkayak.com\/fr\/product\/kayaks-doubles-doccasion\/","url":"https:\/\/menorcaenkayak.com\/fr\/product\/kayaks-doubles-doccasion\/","name":"KAYAKS DOUBLES d'occasion | Menorca en Kayak","isPartOf":{"@id":"https:\/\/menorcaenkayak.com\/fr\/#website"},"primaryImageOfPage":{"@id":"https:\/\/menorcaenkayak.com\/fr\/product\/kayaks-doubles-doccasion\/#primaryimage"},"image":{"@id":"https:\/\/menorcaenkayak.com\/fr\/product\/kayaks-doubles-doccasion\/#primaryimage"},"thumbnailUrl":"https:\/\/cdn.menorcaenkayak.com\/wp-content\/uploads\/2016\/10\/OCEAN-DUO-SOLEIL-PACK-1.jpeg?strip=all","datePublished":"2017-01-31T09:32:18+00:00","dateModified":"2022-06-16T16:42:49+00:00","breadcrumb":{"@id":"https:\/\/menorcaenkayak.com\/fr\/product\/kayaks-doubles-doccasion\/#breadcrumb"},"inLanguage":"fr-FR","potentialAction":[{"@type":"ReadAction","target":["https:\/\/menorcaenkayak.com\/fr\/product\/kayaks-doubles-doccasion\/"]}]},{"@type":"ImageObject","inLanguage":"fr-FR","@id":"https:\/\/menorcaenkayak.com\/fr\/product\/kayaks-doubles-doccasion\/#primaryimage","url":"https:\/\/cdn.menorcaenkayak.com\/wp-content\/uploads\/2016\/10\/OCEAN-DUO-SOLEIL-PACK-1.jpeg?strip=all","contentUrl":"https:\/\/cdn.menorcaenkayak.com\/wp-content\/uploads\/2016\/10\/OCEAN-DUO-SOLEIL-PACK-1.jpeg?strip=all","width":946,"height":532},{"@type":"BreadcrumbList","@id":"https:\/\/menorcaenkayak.com\/fr\/product\/kayaks-doubles-doccasion\/#breadcrumb","itemListElement":[{"@type":"ListItem","position":1,"name":"Portada","item":"https:\/\/menorcaenkayak.com\/fr\/"},{"@type":"ListItem","position":2,"name":"Produits","item":"https:\/\/menorcaenkayak.com\/fr\/shop\/"},{"@type":"ListItem","position":3,"name":"KAYAKS DOUBLES d&#8217;occasion"}]},{"@type":"WebSite","@id":"https:\/\/menorcaenkayak.com\/fr\/#website","url":"https:\/\/menorcaenkayak.com\/fr\/","name":"Menorca en Kayak","description":"Alquiler, excursiones, rutas, cursos | Vuelta a la isla","potentialAction":[{"@type":"SearchAction","target":{"@type":"EntryPoint","urlTemplate":"https:\/\/menorcaenkayak.com\/fr\/?s={search_term_string}"},"query-input":{"@type":"PropertyValueSpecification","valueRequired":true,"valueName":"search_term_string"}}],"inLanguage":"fr-FR"}]}},"_links":{"self":[{"href":"https:\/\/menorcaenkayak.com\/fr\/wp-json\/wp\/v2\/product\/8864","targetHints":{"allow":["GET"]}}],"collection":[{"href":"https:\/\/menorcaenkayak.com\/fr\/wp-json\/wp\/v2\/product"}],"about":[{"href":"https:\/\/menorcaenkayak.com\/fr\/wp-json\/wp\/v2\/types\/product"}],"replies":[{"embeddable":true,"href":"https:\/\/menorcaenkayak.com\/fr\/wp-json\/wp\/v2\/comments?post=8864"}],"wp:featuredmedia":[{"embeddable":true,"href":"https:\/\/menorcaenkayak.com\/fr\/wp-json\/wp\/v2\/media\/15126"}],"wp:attachment":[{"href":"https:\/\/menorcaenkayak.com\/fr\/wp-json\/wp\/v2\/media?parent=8864"}],"wp:term":[{"taxonomy":"product_brand","embeddable":true,"href":"https:\/\/menorcaenkayak.com\/fr\/wp-json\/wp\/v2\/product_brand?post=8864"},{"taxonomy":"product_cat","embeddable":true,"href":"https:\/\/menorcaenkayak.com\/fr\/wp-json\/wp\/v2\/product_cat?post=8864"},{"taxonomy":"product_tag","embeddable":true,"href":"https:\/\/menorcaenkayak.com\/fr\/wp-json\/wp\/v2\/product_tag?post=8864"}],"curies":[{"name":"wp","href":"https:\/\/api.w.org\/{rel}","templated":true}]}}