{"id":18137,"date":"2025-04-28T10:39:38","date_gmt":"2025-04-28T10:39:38","guid":{"rendered":"https:\/\/menorcaenkayak.com\/curso\/"},"modified":"2025-05-05T07:40:47","modified_gmt":"2025-05-05T07:40:47","slug":"cours","status":"publish","type":"page","link":"https:\/\/menorcaenkayak.com\/fr\/cours\/","title":{"rendered":"Cours"},"content":{"rendered":"  <div id=\"page-header-1575316325\" class=\"page-header-wrapper\">\n  <div class=\"page-title dark featured-title\">\n\n        <div class=\"page-title-bg\">\n      <div class=\"title-bg fill bg-fill\"\n        data-parallax-container=\".page-title\"\n        data-parallax-background\n        data-parallax=\"-\">\n      <\/div>\n      <div class=\"title-overlay fill\"><\/div>\n    <\/div>\n    \n    <div class=\"page-title-inner container align-center flex-row medium-flex-wrap\" >\n              <div class=\"title-wrapper flex-col text-left medium-text-center\">\n          <h1 class=\"entry-title mb-0\">\n            Cours          <\/h1>\n        <\/div>\n                    <div class=\"title-content flex-col flex-right text-right medium-text-center\">\n        <div class=\"title-breadcrumbs pb-half pt-half\"><nav class=\"woocommerce-breadcrumb breadcrumbs uppercase\">Accueil<\/nav><\/div>      <\/div>\n    <\/div>\n\n     \n<style>\n#page-header-1575316325 .title-overlay {\n  background-color: rgb(96, 125, 139);\n}\n#page-header-1575316325 .featured-title {\n  background-color: rgb(96, 125, 139);\n}\n<\/style>\n  <\/div>\n    <\/div>\n  \n\n\t<section class=\"section dark\" id=\"section_527229109\">\n\t\t<div class=\"section-bg fill\" >\n\t\t\t\t\t\t\t\t\t\n\t\t\t\n\n\t\t<\/div>\n\n\t\t\n\n\t\t<div class=\"section-content relative\">\n\t\t\t\n<div class=\"row\"  id=\"row-1205362608\">\n\n\t<div id=\"col-610257540\" class=\"col small-12 large-12\"  >\n\t\t\t\t<div class=\"col-inner\"  >\n\t\t\t\n\t\t\t\n<p>Apprenez les techniques de base du kayak de mer avec nos instructeurs qualifi\u00e9s dans le meilleur endroit de Minorque, Es Grau.<\/p>\n\t\t<\/div>\n\t\t\t\t\t<\/div>\n\n\t\n<\/div>\n\t\t<\/div>\n\n\t\t\n<style>\n#section_527229109 {\n  padding-top: 0px;\n  padding-bottom: 0px;\n  background-color: rgb(96, 125, 139);\n}\n<\/style>\n\t<\/section>\n\t\n<div class=\"row\"  id=\"row-207889132\">\n\n\t<div id=\"col-2116520308\" class=\"col medium-4 small-12 large-4\"  >\n\t\t\t\t<div class=\"col-inner\"  >\n\t\t\t\n\t\t\t\n\t<div class=\"box has-hover   has-hover box-text-bottom\" >\n\n\t\t<div class=\"box-image\" >\n\t\t\t<a href=\"https:\/\/menorcaenkayak.com\/fr\/curso-slug\/niveau-1-initiation\/\" >\t\t\t<div class=\"image-zoom image-cover\" style=\"padding-top:56.25%;\">\n\t\t\t\t<img decoding=\"async\" width=\"943\" height=\"531\" src=\"https:\/\/cdn.menorcaenkayak.com\/wp-content\/uploads\/2020\/03\/1-3.png?strip=all\" class=\"attachment- size-\" alt=\"\" srcset=\"https:\/\/cdn.menorcaenkayak.com\/wp-content\/uploads\/2020\/03\/1-3.png?strip=all 943w, https:\/\/cdn.menorcaenkayak.com\/wp-content\/uploads\/2020\/03\/1-3-710x400.png?strip=all 710w, https:\/\/cdn.menorcaenkayak.com\/wp-content\/uploads\/2020\/03\/1-3-768x432.png?strip=all 768w, https:\/\/cdn.menorcaenkayak.com\/wp-content\/uploads\/2020\/03\/1-3-600x338.png?strip=all 600w, https:\/\/cdn.menorcaenkayak.com\/wp-content\/uploads\/2020\/03\/1-3.png?strip=all&amp;w=188 188w, https:\/\/cdn.menorcaenkayak.com\/wp-content\/uploads\/2020\/03\/1-3.png?strip=all&amp;w=377 377w, https:\/\/cdn.menorcaenkayak.com\/wp-content\/uploads\/2020\/03\/1-3.png?strip=all&amp;w=450 450w\" sizes=\"(max-width: 943px) 100vw, 943px\" \/>\t\t\t\t\t\t\t\t\t\t\t<\/div>\n\t\t\t<\/a>\t\t<\/div>\n\n\t\t<div class=\"box-text text-center\" >\n\t\t\t<div class=\"box-text-inner\">\n\t\t\t\t\n<p>Le cours d&rsquo;initiation (Niveau 1) est con\u00e7u et s&rsquo;adresse \u00e0 toutes les personnes qui souhaitent d\u00e9buter le kayak de mer dans des conditions d&rsquo;eau calme. Avec ce cours, nous apprendrons les techniques de base pour r\u00e9aliser des coups de pagaie et de man\u0153uvre efficaces.<br \/>\nCe cours comprend les techniques de sauvetage assist\u00e9 en eau profonde.<\/p>\n\t\t\t<\/div>\n\t\t<\/div>\n\t<\/div>\n\t\n\t\t<\/div>\n\t\t\t\t\t<\/div>\n\n\t\n\n\t<div id=\"col-308501463\" class=\"col medium-4 small-12 large-4\"  >\n\t\t\t\t<div class=\"col-inner\"  >\n\t\t\t\n\t\t\t\n\t<div class=\"box has-hover   has-hover box-text-bottom\" >\n\n\t\t<div class=\"box-image\" >\n\t\t\t<a href=\"https:\/\/menorcaenkayak.com\/fr\/curso-slug\/niveau-ii-la-securite\/\" >\t\t\t<div class=\"image-zoom image-cover\" style=\"padding-top:56.25%;\">\n\t\t\t\t<img decoding=\"async\" width=\"943\" height=\"531\" src=\"https:\/\/cdn.menorcaenkayak.com\/wp-content\/uploads\/2020\/03\/2-3.png?strip=all\" class=\"attachment- size-\" alt=\"\" srcset=\"https:\/\/cdn.menorcaenkayak.com\/wp-content\/uploads\/2020\/03\/2-3.png?strip=all 943w, https:\/\/cdn.menorcaenkayak.com\/wp-content\/uploads\/2020\/03\/2-3-710x400.png?strip=all 710w, https:\/\/cdn.menorcaenkayak.com\/wp-content\/uploads\/2020\/03\/2-3-768x432.png?strip=all 768w, https:\/\/cdn.menorcaenkayak.com\/wp-content\/uploads\/2020\/03\/2-3-600x338.png?strip=all 600w, https:\/\/cdn.menorcaenkayak.com\/wp-content\/uploads\/2020\/03\/2-3.png?strip=all&amp;w=188 188w, https:\/\/cdn.menorcaenkayak.com\/wp-content\/uploads\/2020\/03\/2-3.png?strip=all&amp;w=377 377w, https:\/\/cdn.menorcaenkayak.com\/wp-content\/uploads\/2020\/03\/2-3.png?strip=all&amp;w=450 450w\" sizes=\"(max-width: 943px) 100vw, 943px\" \/>\t\t\t\t\t\t\t\t\t\t\t<\/div>\n\t\t\t<\/a>\t\t<\/div>\n\n\t\t<div class=\"box-text text-center\" >\n\t\t\t<div class=\"box-text-inner\">\n\t\t\t\t\n<p>Que faire en cas de renversement ?<br \/>\nComment porter secours \u00e0 un compagnon chavir\u00e9 en mer ?<br \/>\nApprenez les techniques de s\u00e9curit\u00e9 de base n\u00e9cessaires pour naviguer en toute s\u00e9r\u00e9nit\u00e9. Cours indiqu\u00e9 pour les personnes qui naviguent ou ont suivi le cours Niveau 1 (D\u00e9butants) et souhaitent continuer \u00e0 progresser techniquement. Qu&rsquo;allons-nous apprendre ? \u2013 Consolider la technique de pagayage&#8230;<\/p>\n\t\t\t<\/div>\n\t\t<\/div>\n\t<\/div>\n\t\n\t\t<\/div>\n\t\t\t\t\t<\/div>\n\n\t\n\n\t<div id=\"col-385397418\" class=\"col medium-4 small-12 large-4\"  >\n\t\t\t\t<div class=\"col-inner\"  >\n\t\t\t\n\t\t\t\n\t<div class=\"box has-hover   has-hover box-text-bottom\" >\n\n\t\t<div class=\"box-image\" >\n\t\t\t<a href=\"https:\/\/menorcaenkayak.com\/fr\/curso-slug\/niveau-iii-stage-avance\/\" >\t\t\t<div class=\"image-zoom image-cover\" style=\"padding-top:56.25%;\">\n\t\t\t\t<img decoding=\"async\" width=\"943\" height=\"531\" src=\"https:\/\/cdn.menorcaenkayak.com\/wp-content\/uploads\/2020\/03\/3-3.png?strip=all\" class=\"attachment- size-\" alt=\"\" srcset=\"https:\/\/cdn.menorcaenkayak.com\/wp-content\/uploads\/2020\/03\/3-3.png?strip=all 943w, https:\/\/cdn.menorcaenkayak.com\/wp-content\/uploads\/2020\/03\/3-3-710x400.png?strip=all 710w, https:\/\/cdn.menorcaenkayak.com\/wp-content\/uploads\/2020\/03\/3-3-768x432.png?strip=all 768w, https:\/\/cdn.menorcaenkayak.com\/wp-content\/uploads\/2020\/03\/3-3-600x338.png?strip=all 600w, https:\/\/cdn.menorcaenkayak.com\/wp-content\/uploads\/2020\/03\/3-3.png?strip=all&amp;w=188 188w, https:\/\/cdn.menorcaenkayak.com\/wp-content\/uploads\/2020\/03\/3-3.png?strip=all&amp;w=377 377w, https:\/\/cdn.menorcaenkayak.com\/wp-content\/uploads\/2020\/03\/3-3.png?strip=all&amp;w=450 450w\" sizes=\"(max-width: 943px) 100vw, 943px\" \/>\t\t\t\t\t\t\t\t\t\t\t<\/div>\n\t\t\t<\/a>\t\t<\/div>\n\n\t\t<div class=\"box-text text-center\" >\n\t\t\t<div class=\"box-text-inner\">\n\t\t\t\t\n<p>Pour ceux qui souhaitent progresser dans une navigation plus exigeante. Techniques avanc\u00e9es pour une navigation optimale dans les travers\u00e9es et conditions m\u00e9t\u00e9orologiques les plus exigeantes.<br \/>\nCours indiqu\u00e9 pour les personnes qui naviguent ou qui ont termin\u00e9 le cours de niveau 1 et de niveau 2 et qui souhaitent tirer le meilleur parti du kayak et de la voile. Qu&rsquo;allons-nous apprendre ? \u2013 Inclinaison \u2026<\/p>\n\t\t\t<\/div>\n\t\t<\/div>\n\t<\/div>\n\t\n\t\t<\/div>\n\t\t\t\t\t<\/div>\n\n\t\n<\/div>\n<div class=\"row\"  id=\"row-807965591\">\n\n\t<div id=\"col-207937461\" class=\"col medium-2 small-12 large-2\"  >\n\t\t\t\t<div class=\"col-inner\"  >\n\t\t\t\n\t\t\t\n\t\t<\/div>\n\t\t\t\t\t<\/div>\n\n\t\n\n\t<div id=\"col-2035959794\" class=\"col medium-4 small-12 large-4\"  >\n\t\t\t\t<div class=\"col-inner\"  >\n\t\t\t\n\t\t\t\n\t<div class=\"box has-hover   has-hover box-text-bottom\" >\n\n\t\t<div class=\"box-image\" >\n\t\t\t<a href=\"https:\/\/menorcaenkayak.com\/fr\/curso-slug\/esquimautage-le-vrai-auto-sauvetage\/\" >\t\t\t<div class=\"image-zoom image-cover\" style=\"padding-top:56.25%;\">\n\t\t\t\t<img decoding=\"async\" width=\"943\" height=\"531\" src=\"https:\/\/cdn.menorcaenkayak.com\/wp-content\/uploads\/2020\/03\/4-3.png?strip=all\" class=\"attachment- size-\" alt=\"\" srcset=\"https:\/\/cdn.menorcaenkayak.com\/wp-content\/uploads\/2020\/03\/4-3.png?strip=all 943w, https:\/\/cdn.menorcaenkayak.com\/wp-content\/uploads\/2020\/03\/4-3-710x400.png?strip=all 710w, https:\/\/cdn.menorcaenkayak.com\/wp-content\/uploads\/2020\/03\/4-3-768x432.png?strip=all 768w, https:\/\/cdn.menorcaenkayak.com\/wp-content\/uploads\/2020\/03\/4-3-600x338.png?strip=all 600w, https:\/\/cdn.menorcaenkayak.com\/wp-content\/uploads\/2020\/03\/4-3.png?strip=all&amp;w=188 188w, https:\/\/cdn.menorcaenkayak.com\/wp-content\/uploads\/2020\/03\/4-3.png?strip=all&amp;w=377 377w, https:\/\/cdn.menorcaenkayak.com\/wp-content\/uploads\/2020\/03\/4-3.png?strip=all&amp;w=450 450w\" sizes=\"(max-width: 943px) 100vw, 943px\" \/>\t\t\t\t\t\t\t\t\t\t\t<\/div>\n\t\t\t<\/a>\t\t<\/div>\n\n\t\t<div class=\"box-text text-center\" >\n\t\t\t<div class=\"box-text-inner\">\n\t\t\t\t\n<p>L&rsquo;esquimautage est la man\u0153uvre qui consiste \u00e0 redresser un kayak renvers\u00e9 sans quitter le kayak. Il s\u2019agit de l\u2019authentique auto-sauvetage pratiqu\u00e9 ancestralement par les Inuits.<br \/>\nIl s&rsquo;agit d&rsquo;un cours con\u00e7u pour les personnes exp\u00e9riment\u00e9es en pagaie qui souhaitent apprendre cette man\u0153uvre n\u00e9cessaire \u00e0 la pratique du kayak-surf et navigation dans des conditions m\u00e9t\u00e9orologiques exigeantes.<\/p>\n\t\t\t<\/div>\n\t\t<\/div>\n\t<\/div>\n\t\n\t\t<\/div>\n\t\t\t\t\t<\/div>\n\n\t\n\n\t<div id=\"col-889338924\" class=\"col medium-4 small-12 large-4\"  >\n\t\t\t\t<div class=\"col-inner\"  >\n\t\t\t\n\t\t\t\n\t<div class=\"box has-hover   has-hover box-text-bottom\" >\n\n\t\t<div class=\"box-image\" >\n\t\t\t<a href=\"https:\/\/menorcaenkayak.com\/fr\/curso-slug\/stage-dinitiation-au-stand-up-paddle-2\/\" >\t\t\t<div class=\"image-zoom image-cover\" style=\"padding-top:56.25%;\">\n\t\t\t\t<img decoding=\"async\" width=\"943\" height=\"531\" src=\"https:\/\/cdn.menorcaenkayak.com\/wp-content\/uploads\/2020\/03\/1-French.png?strip=all\" class=\"attachment- size-\" alt=\"\" srcset=\"https:\/\/cdn.menorcaenkayak.com\/wp-content\/uploads\/2020\/03\/1-French.png?strip=all 943w, https:\/\/cdn.menorcaenkayak.com\/wp-content\/uploads\/2020\/03\/1-French-710x400.png?strip=all 710w, https:\/\/cdn.menorcaenkayak.com\/wp-content\/uploads\/2020\/03\/1-French-768x432.png?strip=all 768w, https:\/\/cdn.menorcaenkayak.com\/wp-content\/uploads\/2020\/03\/1-French-600x338.png?strip=all 600w, https:\/\/cdn.menorcaenkayak.com\/wp-content\/uploads\/2020\/03\/1-French.png?strip=all&amp;w=188 188w, https:\/\/cdn.menorcaenkayak.com\/wp-content\/uploads\/2020\/03\/1-French.png?strip=all&amp;w=377 377w, https:\/\/cdn.menorcaenkayak.com\/wp-content\/uploads\/2020\/03\/1-French.png?strip=all&amp;w=450 450w\" sizes=\"(max-width: 943px) 100vw, 943px\" \/>\t\t\t\t\t\t\t\t\t\t\t<\/div>\n\t\t\t<\/a>\t\t<\/div>\n\n\t\t<div class=\"box-text text-center\" >\n\t\t\t<div class=\"box-text-inner\">\n\t\t\t\t\n<p>Apprenez la technique du Stand-Up surf avec nous et vivez les sensations sur une planche de SUP, une nouvelle perspective pour profiter de la mer. Es Grau et ses environs sont l&rsquo;un des meilleurs endroits de l&rsquo;\u00eele pour pratiquer le stand up paddle, une baie prot\u00e9g\u00e9e aux eaux cristallines et peu profondes.<\/p>\n\t\t\t<\/div>\n\t\t<\/div>\n\t<\/div>\n\t\n\t\t<\/div>\n\t\t\t\t\t<\/div>\n\n\t\n\n\t<div id=\"col-529720375\" class=\"col medium-2 small-12 large-2\"  >\n\t\t\t\t<div class=\"col-inner\"  >\n\t\t\t\n\t\t\t\n\t\t<\/div>\n\t\t\t\t\t<\/div>\n\n\t\n<\/div>\n\n\t<section class=\"section\" id=\"section_1000818082\">\n\t\t<div class=\"section-bg fill\" >\n\t\t\t\t\t\t\t\t\t\n\t\t\t\n\n\t\t<\/div>\n\n\t\t\n\n\t\t<div class=\"section-content relative\">\n\t\t\t\n<div class=\"row row-collapse row-full-width\"  id=\"row-725148551\">\n\n\t<div id=\"col-120317554\" class=\"col minf medium-6 small-12 large-6\"  >\n\t\t\t\t<div class=\"col-inner text-center dark\" style=\"background-color:rgb(239, 134, 69);\" >\n\t\t\t\n\t\t\t\n<p class=\"alt-font\"><span style=\"font-size: 2em;\">Je veux r\u00e9server<\/span><\/p>\n<p>Dites-nous ce qui vous int\u00e9resse via\u00a0<img decoding=\"async\" class=\"wp-image-13413 alignnone\" src=\"https:\/\/cdn.menorcaenkayak.com\/wp-content\/uploads\/2020\/03\/whatssapp-280x280.png?strip=all\" alt=\"\" width=\"48\" height=\"48\" srcset=\"https:\/\/cdn.menorcaenkayak.com\/wp-content\/uploads\/2020\/03\/whatssapp-280x280.png?strip=all 280w, https:\/\/cdn.menorcaenkayak.com\/wp-content\/uploads\/2020\/03\/whatssapp-100x100.png?strip=all 100w, https:\/\/cdn.menorcaenkayak.com\/wp-content\/uploads\/2020\/03\/whatssapp.png?strip=all 300w, https:\/\/cdn.menorcaenkayak.com\/wp-content\/uploads\/2020\/03\/whatssapp.png?strip=all&amp;w=180 180w\" sizes=\"(max-width: 48px) 100vw, 48px\" \/>\u00a0whatsapp<br \/>\n(+34) 669 097 977<\/p>\n<a href=\"https:\/\/wa.me\/34669097977\/\" class=\"button white\"  >\n\t\t<span>CONTACTER<\/span>\n\t<\/a>\n\n\t\t<\/div>\n\t\t\t\t\t<\/div>\n\n\t\n\n\t<div id=\"col-635255243\" class=\"col minf medium-6 small-12 large-6\"  >\n\t\t\t\t<div class=\"col-inner text-center dark\" style=\"background-color:rgb(108, 178, 218);\" >\n\t\t\t\n\t\t\t\n<p class=\"alt-font\"><span style=\"font-size: 2em;\">Demander plus d\u2019informations<\/span><\/p>\n<p>Si vous souhaitez plus d\u2019informations ou avez des doutes, contactez-nous!<\/p>\n<a href=\"https:\/\/menorcaenkayak.com\/fr\/contact\/\" class=\"button white\"  >\n\t\t<span>plus d'infos<\/span>\n\t<\/a>\n\n\t\t<\/div>\n\t\t\t\t\t<\/div>\n\n\t\n<\/div>\n\t\t<\/div>\n\n\t\t\n<style>\n#section_1000818082 {\n  padding-top: 0px;\n  padding-bottom: 0px;\n  margin-bottom: 0px;\n}\n<\/style>\n\t<\/section>\n\t\n","protected":false},"excerpt":{"rendered":"","protected":false},"author":12,"featured_media":0,"parent":0,"menu_order":0,"comment_status":"closed","ping_status":"closed","template":"page-transparent-header-light.php","meta":{"_acf_changed":false,"_joinchat":[],"footnotes":""},"class_list":["post-18137","page","type-page","status-publish","hentry"],"acf":[],"yoast_head":"<!-- This site is optimized with the Yoast SEO plugin v27.1.1 - https:\/\/yoast.com\/product\/yoast-seo-wordpress\/ -->\n<title>Cours | Menorca en Kayak<\/title>\n<meta name=\"robots\" content=\"index, follow, max-snippet:-1, max-image-preview:large, max-video-preview:-1\" \/>\n<link rel=\"canonical\" href=\"https:\/\/menorcaenkayak.com\/fr\/cours\/\" \/>\n<meta property=\"og:locale\" content=\"fr_FR\" \/>\n<meta property=\"og:type\" content=\"article\" \/>\n<meta property=\"og:title\" content=\"Cours | Menorca en Kayak\" \/>\n<meta property=\"og:url\" content=\"https:\/\/menorcaenkayak.com\/fr\/cours\/\" \/>\n<meta property=\"og:site_name\" content=\"Menorca en Kayak\" \/>\n<meta property=\"article:modified_time\" content=\"2025-05-05T07:40:47+00:00\" \/>\n<meta property=\"og:image\" content=\"https:\/\/menorcaenkayak.com\/wp-content\/uploads\/2020\/03\/whatssapp-280x280.png\" \/>\n<meta name=\"twitter:card\" content=\"summary_large_image\" \/>\n<meta name=\"twitter:label1\" content=\"Dur\u00e9e de lecture estim\u00e9e\" \/>\n\t<meta name=\"twitter:data1\" content=\"3 minutes\" \/>\n<script type=\"application\/ld+json\" class=\"yoast-schema-graph\">{\"@context\":\"https:\/\/schema.org\",\"@graph\":[{\"@type\":\"WebPage\",\"@id\":\"https:\/\/menorcaenkayak.com\/fr\/cours\/\",\"url\":\"https:\/\/menorcaenkayak.com\/fr\/cours\/\",\"name\":\"Cours | Menorca en Kayak\",\"isPartOf\":{\"@id\":\"https:\/\/menorcaenkayak.com\/fr\/#website\"},\"primaryImageOfPage\":{\"@id\":\"https:\/\/menorcaenkayak.com\/fr\/cours\/#primaryimage\"},\"image\":{\"@id\":\"https:\/\/menorcaenkayak.com\/fr\/cours\/#primaryimage\"},\"thumbnailUrl\":\"https:\/\/menorcaenkayak.com\/wp-content\/uploads\/2020\/03\/whatssapp-280x280.png\",\"datePublished\":\"2025-04-28T10:39:38+00:00\",\"dateModified\":\"2025-05-05T07:40:47+00:00\",\"breadcrumb\":{\"@id\":\"https:\/\/menorcaenkayak.com\/fr\/cours\/#breadcrumb\"},\"inLanguage\":\"fr-FR\",\"potentialAction\":[{\"@type\":\"ReadAction\",\"target\":[\"https:\/\/menorcaenkayak.com\/fr\/cours\/\"]}]},{\"@type\":\"ImageObject\",\"inLanguage\":\"fr-FR\",\"@id\":\"https:\/\/menorcaenkayak.com\/fr\/cours\/#primaryimage\",\"url\":\"https:\/\/menorcaenkayak.com\/wp-content\/uploads\/2020\/03\/whatssapp-280x280.png\",\"contentUrl\":\"https:\/\/menorcaenkayak.com\/wp-content\/uploads\/2020\/03\/whatssapp-280x280.png\"},{\"@type\":\"BreadcrumbList\",\"@id\":\"https:\/\/menorcaenkayak.com\/fr\/cours\/#breadcrumb\",\"itemListElement\":[{\"@type\":\"ListItem\",\"position\":1,\"name\":\"Portada\",\"item\":\"https:\/\/menorcaenkayak.com\/fr\/\"},{\"@type\":\"ListItem\",\"position\":2,\"name\":\"Cours\"}]},{\"@type\":\"WebSite\",\"@id\":\"https:\/\/menorcaenkayak.com\/fr\/#website\",\"url\":\"https:\/\/menorcaenkayak.com\/fr\/\",\"name\":\"Menorca en Kayak\",\"description\":\"Alquiler, excursiones, rutas, cursos | Vuelta a la isla\",\"potentialAction\":[{\"@type\":\"SearchAction\",\"target\":{\"@type\":\"EntryPoint\",\"urlTemplate\":\"https:\/\/menorcaenkayak.com\/fr\/?s={search_term_string}\"},\"query-input\":{\"@type\":\"PropertyValueSpecification\",\"valueRequired\":true,\"valueName\":\"search_term_string\"}}],\"inLanguage\":\"fr-FR\"}]}<\/script>\n<!-- \/ Yoast SEO plugin. -->","yoast_head_json":{"title":"Cours | Menorca en Kayak","robots":{"index":"index","follow":"follow","max-snippet":"max-snippet:-1","max-image-preview":"max-image-preview:large","max-video-preview":"max-video-preview:-1"},"canonical":"https:\/\/menorcaenkayak.com\/fr\/cours\/","og_locale":"fr_FR","og_type":"article","og_title":"Cours | Menorca en Kayak","og_url":"https:\/\/menorcaenkayak.com\/fr\/cours\/","og_site_name":"Menorca en Kayak","article_modified_time":"2025-05-05T07:40:47+00:00","og_image":[{"url":"https:\/\/menorcaenkayak.com\/wp-content\/uploads\/2020\/03\/whatssapp-280x280.png","type":"","width":"","height":""}],"twitter_card":"summary_large_image","twitter_misc":{"Dur\u00e9e de lecture estim\u00e9e":"3 minutes"},"schema":{"@context":"https:\/\/schema.org","@graph":[{"@type":"WebPage","@id":"https:\/\/menorcaenkayak.com\/fr\/cours\/","url":"https:\/\/menorcaenkayak.com\/fr\/cours\/","name":"Cours | Menorca en Kayak","isPartOf":{"@id":"https:\/\/menorcaenkayak.com\/fr\/#website"},"primaryImageOfPage":{"@id":"https:\/\/menorcaenkayak.com\/fr\/cours\/#primaryimage"},"image":{"@id":"https:\/\/menorcaenkayak.com\/fr\/cours\/#primaryimage"},"thumbnailUrl":"https:\/\/menorcaenkayak.com\/wp-content\/uploads\/2020\/03\/whatssapp-280x280.png","datePublished":"2025-04-28T10:39:38+00:00","dateModified":"2025-05-05T07:40:47+00:00","breadcrumb":{"@id":"https:\/\/menorcaenkayak.com\/fr\/cours\/#breadcrumb"},"inLanguage":"fr-FR","potentialAction":[{"@type":"ReadAction","target":["https:\/\/menorcaenkayak.com\/fr\/cours\/"]}]},{"@type":"ImageObject","inLanguage":"fr-FR","@id":"https:\/\/menorcaenkayak.com\/fr\/cours\/#primaryimage","url":"https:\/\/menorcaenkayak.com\/wp-content\/uploads\/2020\/03\/whatssapp-280x280.png","contentUrl":"https:\/\/menorcaenkayak.com\/wp-content\/uploads\/2020\/03\/whatssapp-280x280.png"},{"@type":"BreadcrumbList","@id":"https:\/\/menorcaenkayak.com\/fr\/cours\/#breadcrumb","itemListElement":[{"@type":"ListItem","position":1,"name":"Portada","item":"https:\/\/menorcaenkayak.com\/fr\/"},{"@type":"ListItem","position":2,"name":"Cours"}]},{"@type":"WebSite","@id":"https:\/\/menorcaenkayak.com\/fr\/#website","url":"https:\/\/menorcaenkayak.com\/fr\/","name":"Menorca en Kayak","description":"Alquiler, excursiones, rutas, cursos | Vuelta a la isla","potentialAction":[{"@type":"SearchAction","target":{"@type":"EntryPoint","urlTemplate":"https:\/\/menorcaenkayak.com\/fr\/?s={search_term_string}"},"query-input":{"@type":"PropertyValueSpecification","valueRequired":true,"valueName":"search_term_string"}}],"inLanguage":"fr-FR"}]}},"_links":{"self":[{"href":"https:\/\/menorcaenkayak.com\/fr\/wp-json\/wp\/v2\/pages\/18137","targetHints":{"allow":["GET"]}}],"collection":[{"href":"https:\/\/menorcaenkayak.com\/fr\/wp-json\/wp\/v2\/pages"}],"about":[{"href":"https:\/\/menorcaenkayak.com\/fr\/wp-json\/wp\/v2\/types\/page"}],"author":[{"embeddable":true,"href":"https:\/\/menorcaenkayak.com\/fr\/wp-json\/wp\/v2\/users\/12"}],"replies":[{"embeddable":true,"href":"https:\/\/menorcaenkayak.com\/fr\/wp-json\/wp\/v2\/comments?post=18137"}],"version-history":[{"count":56,"href":"https:\/\/menorcaenkayak.com\/fr\/wp-json\/wp\/v2\/pages\/18137\/revisions"}],"predecessor-version":[{"id":18336,"href":"https:\/\/menorcaenkayak.com\/fr\/wp-json\/wp\/v2\/pages\/18137\/revisions\/18336"}],"wp:attachment":[{"href":"https:\/\/menorcaenkayak.com\/fr\/wp-json\/wp\/v2\/media?parent=18137"}],"curies":[{"name":"wp","href":"https:\/\/api.w.org\/{rel}","templated":true}]}}