{"id":8862,"date":"2016-10-01T08:40:58","date_gmt":"2016-10-01T08:40:58","guid":{"rendered":"https:\/\/menorcaenkayak.com\/newsite\/ca\/?p=6797"},"modified":"2025-07-08T11:42:50","modified_gmt":"2025-07-08T11:42:50","slug":"caiacs-de-mar-2a-ma","status":"publish","type":"product","link":"https:\/\/menorcaenkayak.com\/ca\/product\/caiacs-de-mar-2a-ma\/","title":{"rendered":"CAIACS DE MAR 2a m\u00e0"},"content":{"rendered":"<p class=\"p1\"><span class=\"s1\"><b>WILDERNESS SYSTEMS \u00a0<\/b>mod. <b>Tsunami 175<\/b><\/span><\/p>\n<p class=\"p1\"><span class=\"s1\">Este es un kayak ultra-confortable que ofrece estabilidad, velocidad y mucha eficiencia de navegaci\u00f3n en las largas distancias. Es un kayak con mucha capacidad de carga, muy indicado para\u00a0rutas de varios d\u00edas. \u00a0Es perfecto para iniciarse en el kayak de mar y progresar t\u00e9cnicamente. Su tama\u00f1o est\u00e1 pensado para palistas de talla grande.<br \/>\nEste modelo viene <em><strong>equipado\u00a0de serie con tim\u00f3n<\/strong><\/em>.<\/span><\/p>\n<p class=\"p1\"><span class=\"s1\"><b>Caracter\u00edsticas Tsunami 175:<\/b><br \/>\nLargo: 528 cm<br \/>\nAncho: 61 cm<br \/>\nCapacidad: 181 kg<br \/>\nPeso: 31 kg<br \/>\n<b>Precio: 650 eur.<br \/>\n<\/b><\/span><span class=\"s1\">*El precio incluye la pala.<br \/>\n<span style=\"color: #f99b1c;\"><strong>\u00a1AGOTADO!<\/strong><\/span><br \/>\n<\/span><\/p>\n<p><a href=\"https:\/\/menorcaenkayak.com\/wp-content\/uploads\/\"><img decoding=\"async\" class=\"aligncenter size-full wp-image-6645\" src=\"https:\/\/menorcaenkayak.com\/wp-content\/uploads\/\" alt=\"perception-essence\" width=\"800\" height=\"183\" \/><\/a><br \/>\n<strong>PERCEPTION<\/strong> \u00a0mod. <strong>Essence 17<\/strong><\/p>\n<p class=\"p1\"><span class=\"s1\">La l\u00ednea <strong>Essence<\/strong>\u00a0 ha sido dise\u00f1ada para que los kayakistas puedan llevar sus experiencias en el mar a un nuevo nivel. La forma de la proa y popa es en V muy marcada, proporcionando gran direccionabilidad. En el casco, debajo del asiento, la V se suaviza, ofreciendo una buena estabilidad primaria. Tiene \u00e1ngulos definidos, obteniendo as\u00ed giros predecibles y efectivos. Incluye adem\u00e1s un sistema de orza retr\u00e1ctil, que mantiene el rumbo y evita la deriva cuando el viento act\u00faa sobre el kayak. El <strong>Essence 16<\/strong> es un kayak para palistas de talla media y peque\u00f1a.<\/span><\/p>\n<p class=\"p1\"><span class=\"s1\"><span class=\"s1\"><b>Caracter\u00edsticas Essence 17:<\/b><br \/>\nLargo: 518 cm<br \/>\nAncho: 58 cm<br \/>\nCapacidad: 160 kg<br \/>\nPeso: 28 kg<br \/>\n<b>Precio: 650 eur.<br \/>\n<\/b><\/span><span class=\"s1\">*El precio incluye la pala.<br \/>\n<strong><span style=\"color: #f99b1c;\">\u00a1AGOTADO!<\/span><\/strong><\/span><br \/>\n<\/span><\/p>\n<p class=\"p1\"><a href=\"https:\/\/menorcaenkayak.com\/wp-content\/uploads\/\"><img decoding=\"async\" class=\"aligncenter wp-image-6582\" src=\"https:\/\/menorcaenkayak.com\/wp-content\/uploads\/\" alt=\"tempest-2\" width=\"871\" height=\"214\" \/><\/a><\/p>\n<p class=\"p1\"><strong>WILDERNESS<\/strong> mod. <strong>Tempest 170<\/strong><\/p>\n<p class=\"p1\"><span class=\"s1\">El dise\u00f1o del <strong>Tempest<\/strong>\u00a0ha roto todos los esquemas en el kayak de mar \u00bfEl secreto?, la sencillez y un casco dise\u00f1ado a la perfecci\u00f3n que se adapta al palista como si de un guante se tratara. La sensaci\u00f3n al navegar es de completo control y un 100% de libertad. Su casco progresivo en V lo hacen un kayak completamente d\u00f3cil y a la vez atrevido, a diferencia de modelos parecidos su estabilidad secundaria es progresiva, sinti\u00e9ndonos m\u00e1s seguros y estables. Su manga y eslora lo hacen veloz, su orza corrige la deriva y su ba\u00f1era delantera m\u00e1s baja, permite el m\u00e1ximo control sobre la embarcaci\u00f3n. Incorpora el nuevo asiento Phase 3 Air Pro.<\/span><\/p>\n<p class=\"p1\"><span class=\"s1\"><b>Caracter\u00edsticas Tempest 170:<\/b><br \/>\nLargo: 518 cm<br \/>\nAncho: 56 cm<br \/>\nCapacidad: 147 kg<br \/>\nPeso: 26 kg<br \/>\n<b>Precio: 650 eur.<br \/>\n<\/b><\/span><span class=\"s1\">*El precio incluye la pala.<br \/>\n<strong><span style=\"color: #f99b1c;\">\u00a1AGOTADO!<\/span><\/strong><br \/>\n<\/span><\/p>\n<p class=\"p1\">\n","protected":false},"excerpt":{"rendered":"<p>WILDERNESS SYSTEMS \u00a0mod. Tsunami 175 Este es un kayak ultra-confortable que ofrece estabilidad, velocidad y mucha eficiencia de navegaci\u00f3n en las largas distancias. Es un kayak con mucha capacidad de carga, muy indicado para\u00a0rutas de varios d\u00edas. \u00a0Es perfecto para iniciarse en el kayak de mar y progresar t\u00e9cnicamente. Su tama\u00f1o est\u00e1 pensado para palistas [&#8230;]\n","protected":false},"featured_media":15153,"comment_status":"closed","ping_status":"closed","template":"","meta":{"_acf_changed":false,"_joinchat":[]},"product_brand":[],"product_cat":[164],"product_tag":[],"class_list":{"0":"post-8862","1":"product","2":"type-product","3":"status-publish","4":"has-post-thumbnail","6":"product_cat-material-2a-ma","8":"first","9":"instock","10":"shipping-taxable","11":"product-type-simple"},"acf":[],"yoast_head":"<!-- This site is optimized with the Yoast SEO plugin v27.1.1 - https:\/\/yoast.com\/product\/yoast-seo-wordpress\/ -->\n<title>CAIACS DE MAR 2a m\u00e0 | Menorca en Kayak<\/title>\n<meta name=\"robots\" content=\"index, follow, max-snippet:-1, max-image-preview:large, max-video-preview:-1\" \/>\n<link rel=\"canonical\" href=\"https:\/\/menorcaenkayak.com\/ca\/product\/caiacs-de-mar-2a-ma\/\" \/>\n<meta property=\"og:locale\" content=\"ca_ES\" \/>\n<meta property=\"og:type\" content=\"article\" \/>\n<meta property=\"og:title\" content=\"CAIACS DE MAR 2a m\u00e0 | Menorca en Kayak\" \/>\n<meta property=\"og:description\" content=\"WILDERNESS SYSTEMS \u00a0mod. Tsunami 175 Este es un kayak ultra-confortable que ofrece estabilidad, velocidad y mucha eficiencia de navegaci\u00f3n en las largas distancias. Es un kayak con mucha capacidad de carga, muy indicado para\u00a0rutas de varios d\u00edas. \u00a0Es perfecto para iniciarse en el kayak de mar y progresar t\u00e9cnicamente. Su tama\u00f1o est\u00e1 pensado para palistas [...]\" \/>\n<meta property=\"og:url\" content=\"https:\/\/menorcaenkayak.com\/ca\/product\/caiacs-de-mar-2a-ma\/\" \/>\n<meta property=\"og:site_name\" content=\"Menorca en Kayak\" \/>\n<meta property=\"article:modified_time\" content=\"2025-07-08T11:42:50+00:00\" \/>\n<meta property=\"og:image\" content=\"https:\/\/menorcaenkayak.com\/wp-content\/uploads\/2016\/10\/Essence-16_Sunset_Top-2.png\" \/>\n\t<meta property=\"og:image:width\" content=\"1225\" \/>\n\t<meta property=\"og:image:height\" content=\"190\" \/>\n\t<meta property=\"og:image:type\" content=\"image\/png\" \/>\n<meta name=\"twitter:card\" content=\"summary_large_image\" \/>\n<meta name=\"twitter:label1\" content=\"Temps estimat de lectura\" \/>\n\t<meta name=\"twitter:data1\" content=\"3 minuts\" \/>\n<script type=\"application\/ld+json\" class=\"yoast-schema-graph\">{\"@context\":\"https:\/\/schema.org\",\"@graph\":[{\"@type\":\"WebPage\",\"@id\":\"https:\/\/menorcaenkayak.com\/ca\/product\/caiacs-de-mar-2a-ma\/\",\"url\":\"https:\/\/menorcaenkayak.com\/ca\/product\/caiacs-de-mar-2a-ma\/\",\"name\":\"CAIACS DE MAR 2a m\u00e0 | Menorca en Kayak\",\"isPartOf\":{\"@id\":\"https:\/\/menorcaenkayak.com\/ca\/#website\"},\"primaryImageOfPage\":{\"@id\":\"https:\/\/menorcaenkayak.com\/ca\/product\/caiacs-de-mar-2a-ma\/#primaryimage\"},\"image\":{\"@id\":\"https:\/\/menorcaenkayak.com\/ca\/product\/caiacs-de-mar-2a-ma\/#primaryimage\"},\"thumbnailUrl\":\"https:\/\/cdn.menorcaenkayak.com\/wp-content\/uploads\/2016\/10\/Essence-16_Sunset_Top-2.png?strip=all\",\"datePublished\":\"2016-10-01T08:40:58+00:00\",\"dateModified\":\"2025-07-08T11:42:50+00:00\",\"breadcrumb\":{\"@id\":\"https:\/\/menorcaenkayak.com\/ca\/product\/caiacs-de-mar-2a-ma\/#breadcrumb\"},\"inLanguage\":\"ca\",\"potentialAction\":[{\"@type\":\"ReadAction\",\"target\":[\"https:\/\/menorcaenkayak.com\/ca\/product\/caiacs-de-mar-2a-ma\/\"]}]},{\"@type\":\"ImageObject\",\"inLanguage\":\"ca\",\"@id\":\"https:\/\/menorcaenkayak.com\/ca\/product\/caiacs-de-mar-2a-ma\/#primaryimage\",\"url\":\"https:\/\/cdn.menorcaenkayak.com\/wp-content\/uploads\/2016\/10\/Essence-16_Sunset_Top-2.png?strip=all\",\"contentUrl\":\"https:\/\/cdn.menorcaenkayak.com\/wp-content\/uploads\/2016\/10\/Essence-16_Sunset_Top-2.png?strip=all\",\"width\":1225,\"height\":190},{\"@type\":\"BreadcrumbList\",\"@id\":\"https:\/\/menorcaenkayak.com\/ca\/product\/caiacs-de-mar-2a-ma\/#breadcrumb\",\"itemListElement\":[{\"@type\":\"ListItem\",\"position\":1,\"name\":\"Portada\",\"item\":\"https:\/\/menorcaenkayak.com\/ca\/\"},{\"@type\":\"ListItem\",\"position\":2,\"name\":\"Productes\",\"item\":\"https:\/\/menorcaenkayak.com\/ca\/shop\/\"},{\"@type\":\"ListItem\",\"position\":3,\"name\":\"CAIACS DE MAR 2a m\u00e0\"}]},{\"@type\":\"WebSite\",\"@id\":\"https:\/\/menorcaenkayak.com\/ca\/#website\",\"url\":\"https:\/\/menorcaenkayak.com\/ca\/\",\"name\":\"Menorca en Kayak\",\"description\":\"Alquiler, excursiones, rutas, cursos | Vuelta a la isla\",\"potentialAction\":[{\"@type\":\"SearchAction\",\"target\":{\"@type\":\"EntryPoint\",\"urlTemplate\":\"https:\/\/menorcaenkayak.com\/ca\/?s={search_term_string}\"},\"query-input\":{\"@type\":\"PropertyValueSpecification\",\"valueRequired\":true,\"valueName\":\"search_term_string\"}}],\"inLanguage\":\"ca\"}]}<\/script>\n<!-- \/ Yoast SEO plugin. -->","yoast_head_json":{"title":"CAIACS DE MAR 2a m\u00e0 | Menorca en Kayak","robots":{"index":"index","follow":"follow","max-snippet":"max-snippet:-1","max-image-preview":"max-image-preview:large","max-video-preview":"max-video-preview:-1"},"canonical":"https:\/\/menorcaenkayak.com\/ca\/product\/caiacs-de-mar-2a-ma\/","og_locale":"ca_ES","og_type":"article","og_title":"CAIACS DE MAR 2a m\u00e0 | Menorca en Kayak","og_description":"WILDERNESS SYSTEMS \u00a0mod. Tsunami 175 Este es un kayak ultra-confortable que ofrece estabilidad, velocidad y mucha eficiencia de navegaci\u00f3n en las largas distancias. Es un kayak con mucha capacidad de carga, muy indicado para\u00a0rutas de varios d\u00edas. \u00a0Es perfecto para iniciarse en el kayak de mar y progresar t\u00e9cnicamente. Su tama\u00f1o est\u00e1 pensado para palistas [...]","og_url":"https:\/\/menorcaenkayak.com\/ca\/product\/caiacs-de-mar-2a-ma\/","og_site_name":"Menorca en Kayak","article_modified_time":"2025-07-08T11:42:50+00:00","og_image":[{"width":1225,"height":190,"url":"https:\/\/menorcaenkayak.com\/wp-content\/uploads\/2016\/10\/Essence-16_Sunset_Top-2.png","type":"image\/png"}],"twitter_card":"summary_large_image","twitter_misc":{"Temps estimat de lectura":"3 minuts"},"schema":{"@context":"https:\/\/schema.org","@graph":[{"@type":"WebPage","@id":"https:\/\/menorcaenkayak.com\/ca\/product\/caiacs-de-mar-2a-ma\/","url":"https:\/\/menorcaenkayak.com\/ca\/product\/caiacs-de-mar-2a-ma\/","name":"CAIACS DE MAR 2a m\u00e0 | Menorca en Kayak","isPartOf":{"@id":"https:\/\/menorcaenkayak.com\/ca\/#website"},"primaryImageOfPage":{"@id":"https:\/\/menorcaenkayak.com\/ca\/product\/caiacs-de-mar-2a-ma\/#primaryimage"},"image":{"@id":"https:\/\/menorcaenkayak.com\/ca\/product\/caiacs-de-mar-2a-ma\/#primaryimage"},"thumbnailUrl":"https:\/\/cdn.menorcaenkayak.com\/wp-content\/uploads\/2016\/10\/Essence-16_Sunset_Top-2.png?strip=all","datePublished":"2016-10-01T08:40:58+00:00","dateModified":"2025-07-08T11:42:50+00:00","breadcrumb":{"@id":"https:\/\/menorcaenkayak.com\/ca\/product\/caiacs-de-mar-2a-ma\/#breadcrumb"},"inLanguage":"ca","potentialAction":[{"@type":"ReadAction","target":["https:\/\/menorcaenkayak.com\/ca\/product\/caiacs-de-mar-2a-ma\/"]}]},{"@type":"ImageObject","inLanguage":"ca","@id":"https:\/\/menorcaenkayak.com\/ca\/product\/caiacs-de-mar-2a-ma\/#primaryimage","url":"https:\/\/cdn.menorcaenkayak.com\/wp-content\/uploads\/2016\/10\/Essence-16_Sunset_Top-2.png?strip=all","contentUrl":"https:\/\/cdn.menorcaenkayak.com\/wp-content\/uploads\/2016\/10\/Essence-16_Sunset_Top-2.png?strip=all","width":1225,"height":190},{"@type":"BreadcrumbList","@id":"https:\/\/menorcaenkayak.com\/ca\/product\/caiacs-de-mar-2a-ma\/#breadcrumb","itemListElement":[{"@type":"ListItem","position":1,"name":"Portada","item":"https:\/\/menorcaenkayak.com\/ca\/"},{"@type":"ListItem","position":2,"name":"Productes","item":"https:\/\/menorcaenkayak.com\/ca\/shop\/"},{"@type":"ListItem","position":3,"name":"CAIACS DE MAR 2a m\u00e0"}]},{"@type":"WebSite","@id":"https:\/\/menorcaenkayak.com\/ca\/#website","url":"https:\/\/menorcaenkayak.com\/ca\/","name":"Menorca en Kayak","description":"Alquiler, excursiones, rutas, cursos | Vuelta a la isla","potentialAction":[{"@type":"SearchAction","target":{"@type":"EntryPoint","urlTemplate":"https:\/\/menorcaenkayak.com\/ca\/?s={search_term_string}"},"query-input":{"@type":"PropertyValueSpecification","valueRequired":true,"valueName":"search_term_string"}}],"inLanguage":"ca"}]}},"_links":{"self":[{"href":"https:\/\/menorcaenkayak.com\/ca\/wp-json\/wp\/v2\/product\/8862","targetHints":{"allow":["GET"]}}],"collection":[{"href":"https:\/\/menorcaenkayak.com\/ca\/wp-json\/wp\/v2\/product"}],"about":[{"href":"https:\/\/menorcaenkayak.com\/ca\/wp-json\/wp\/v2\/types\/product"}],"replies":[{"embeddable":true,"href":"https:\/\/menorcaenkayak.com\/ca\/wp-json\/wp\/v2\/comments?post=8862"}],"wp:featuredmedia":[{"embeddable":true,"href":"https:\/\/menorcaenkayak.com\/ca\/wp-json\/wp\/v2\/media\/15153"}],"wp:attachment":[{"href":"https:\/\/menorcaenkayak.com\/ca\/wp-json\/wp\/v2\/media?parent=8862"}],"wp:term":[{"taxonomy":"product_brand","embeddable":true,"href":"https:\/\/menorcaenkayak.com\/ca\/wp-json\/wp\/v2\/product_brand?post=8862"},{"taxonomy":"product_cat","embeddable":true,"href":"https:\/\/menorcaenkayak.com\/ca\/wp-json\/wp\/v2\/product_cat?post=8862"},{"taxonomy":"product_tag","embeddable":true,"href":"https:\/\/menorcaenkayak.com\/ca\/wp-json\/wp\/v2\/product_tag?post=8862"}],"curies":[{"name":"wp","href":"https:\/\/api.w.org\/{rel}","templated":true}]}}