{"id":8856,"date":"2017-02-01T14:24:10","date_gmt":"2017-02-01T14:24:10","guid":{"rendered":"https:\/\/menorcaenkayak.com\/newsite\/ca\/?p=6783"},"modified":"2025-07-13T16:41:05","modified_gmt":"2025-07-13T16:41:05","slug":"sedna-de-fun-run","status":"publish","type":"product","link":"https:\/\/menorcaenkayak.com\/ca\/product\/sedna-de-fun-run\/","title":{"rendered":"Caiac de mar Essence 17 de PERCEPTION"},"content":{"rendered":"<p>L&#8217;emoci\u00f3 i l&#8217;experi\u00e8ncia del caiac de mar no \u00e9s nom\u00e9s per a experts\u2026 per\u00f2, si la teva expedici\u00f3 requereix un mapa, necessitar\u00e0 la velocitat, la comoditat i l&#8217;emmagatzematge addicionals que es troben a la gamma Essence.<br \/>\nEl caiac de mar m\u00e9s vers\u00e0til i confortable del mercat. Amb un disseny de casc modern incorpora una forta proa i popa en forma de V amb vores definides per proporcionar una veritable estabilitat direccional i un espl\u00e8ndid control de gir.<br \/>\nModel equipat amb una orsa abatible i regulable per optimitzar la navegaci\u00f3 amb vent i corrents.<br \/>\nL&#8217;Essence 17 \u00e9s ideal si el vostre estil de palejar s&#8217;adapta a una navegaci\u00f3 una mica m\u00e9s animada i \u00e0gil. La seva ergonomia m\u00e9s ajustada permet un control proper. Especialment indicat per a palista de talla gran.<\/p>\n<p><strong>Caracter\u00edstiques Essence 17:<\/strong><br \/>\nLlarg: 518 cm<br \/>\nAmple: 58 cm<br \/>\nCapacitat:160 kg<br \/>\nPes: 28 kg<\/p>\n<p><strong>Preu: 1200 \u20ac (IVA incl\u00f2s)<\/strong><br \/>\n<span style=\"color: #00a859;\"><strong>En estoc<\/strong><\/span><\/p>\n","protected":false},"excerpt":{"rendered":"<p>L&#8217;emoci\u00f3 i l&#8217;experi\u00e8ncia del caiac de mar no \u00e9s nom\u00e9s per a experts\u2026 per\u00f2, si la teva expedici\u00f3 requereix un mapa, necessitar\u00e0 la velocitat, la comoditat i l&#8217;emmagatzematge addicionals que es troben a la gamma Essence. El caiac de mar m\u00e9s vers\u00e0til i confortable del mercat. Amb un disseny de casc modern incorpora una forta [&#8230;]\n","protected":false},"featured_media":15149,"comment_status":"closed","ping_status":"closed","template":"","meta":{"_acf_changed":false,"_joinchat":[]},"product_brand":[],"product_cat":[159],"product_tag":[],"class_list":{"0":"post-8856","1":"product","2":"type-product","3":"status-publish","4":"has-post-thumbnail","6":"product_cat-destacats","8":"first","9":"instock","10":"featured","11":"shipping-taxable","12":"product-type-simple"},"acf":[],"yoast_head":"<!-- This site is optimized with the Yoast SEO plugin v27.1.1 - https:\/\/yoast.com\/product\/yoast-seo-wordpress\/ -->\n<title>Caiac de mar Essence 17 de PERCEPTION | Menorca en Kayak<\/title>\n<meta name=\"robots\" content=\"index, follow, max-snippet:-1, max-image-preview:large, max-video-preview:-1\" \/>\n<link rel=\"canonical\" href=\"https:\/\/menorcaenkayak.com\/ca\/product\/sedna-de-fun-run\/\" \/>\n<meta property=\"og:locale\" content=\"ca_ES\" \/>\n<meta property=\"og:type\" content=\"article\" \/>\n<meta property=\"og:title\" content=\"Caiac de mar Essence 17 de PERCEPTION | Menorca en Kayak\" \/>\n<meta property=\"og:description\" content=\"L&#8217;emoci\u00f3 i l&#8217;experi\u00e8ncia del caiac de mar no \u00e9s nom\u00e9s per a experts\u2026 per\u00f2, si la teva expedici\u00f3 requereix un mapa, necessitar\u00e0 la velocitat, la comoditat i l&#8217;emmagatzematge addicionals que es troben a la gamma Essence. El caiac de mar m\u00e9s vers\u00e0til i confortable del mercat. Amb un disseny de casc modern incorpora una forta [...]\" \/>\n<meta property=\"og:url\" content=\"https:\/\/menorcaenkayak.com\/ca\/product\/sedna-de-fun-run\/\" \/>\n<meta property=\"og:site_name\" content=\"Menorca en Kayak\" \/>\n<meta property=\"article:modified_time\" content=\"2025-07-13T16:41:05+00:00\" \/>\n<meta property=\"og:image\" content=\"https:\/\/menorcaenkayak.com\/wp-content\/uploads\/2016\/10\/Essence-16_Top-Side.png\" \/>\n\t<meta property=\"og:image:width\" content=\"1225\" \/>\n\t<meta property=\"og:image:height\" content=\"380\" \/>\n\t<meta property=\"og:image:type\" content=\"image\/png\" \/>\n<meta name=\"twitter:card\" content=\"summary_large_image\" \/>\n<meta name=\"twitter:label1\" content=\"Temps estimat de lectura\" \/>\n\t<meta name=\"twitter:data1\" content=\"1 minut\" \/>\n<script type=\"application\/ld+json\" class=\"yoast-schema-graph\">{\"@context\":\"https:\/\/schema.org\",\"@graph\":[{\"@type\":\"WebPage\",\"@id\":\"https:\/\/menorcaenkayak.com\/ca\/product\/sedna-de-fun-run\/\",\"url\":\"https:\/\/menorcaenkayak.com\/ca\/product\/sedna-de-fun-run\/\",\"name\":\"Caiac de mar Essence 17 de PERCEPTION | Menorca en Kayak\",\"isPartOf\":{\"@id\":\"https:\/\/menorcaenkayak.com\/ca\/#website\"},\"primaryImageOfPage\":{\"@id\":\"https:\/\/menorcaenkayak.com\/ca\/product\/sedna-de-fun-run\/#primaryimage\"},\"image\":{\"@id\":\"https:\/\/menorcaenkayak.com\/ca\/product\/sedna-de-fun-run\/#primaryimage\"},\"thumbnailUrl\":\"https:\/\/cdn.menorcaenkayak.com\/wp-content\/uploads\/2016\/10\/Essence-16_Top-Side.png?strip=all\",\"datePublished\":\"2017-02-01T14:24:10+00:00\",\"dateModified\":\"2025-07-13T16:41:05+00:00\",\"breadcrumb\":{\"@id\":\"https:\/\/menorcaenkayak.com\/ca\/product\/sedna-de-fun-run\/#breadcrumb\"},\"inLanguage\":\"ca\",\"potentialAction\":[{\"@type\":\"ReadAction\",\"target\":[\"https:\/\/menorcaenkayak.com\/ca\/product\/sedna-de-fun-run\/\"]}]},{\"@type\":\"ImageObject\",\"inLanguage\":\"ca\",\"@id\":\"https:\/\/menorcaenkayak.com\/ca\/product\/sedna-de-fun-run\/#primaryimage\",\"url\":\"https:\/\/cdn.menorcaenkayak.com\/wp-content\/uploads\/2016\/10\/Essence-16_Top-Side.png?strip=all\",\"contentUrl\":\"https:\/\/cdn.menorcaenkayak.com\/wp-content\/uploads\/2016\/10\/Essence-16_Top-Side.png?strip=all\",\"width\":1225,\"height\":380},{\"@type\":\"BreadcrumbList\",\"@id\":\"https:\/\/menorcaenkayak.com\/ca\/product\/sedna-de-fun-run\/#breadcrumb\",\"itemListElement\":[{\"@type\":\"ListItem\",\"position\":1,\"name\":\"Portada\",\"item\":\"https:\/\/menorcaenkayak.com\/ca\/\"},{\"@type\":\"ListItem\",\"position\":2,\"name\":\"Productes\",\"item\":\"https:\/\/menorcaenkayak.com\/ca\/shop\/\"},{\"@type\":\"ListItem\",\"position\":3,\"name\":\"Caiac de mar Essence 17 de PERCEPTION\"}]},{\"@type\":\"WebSite\",\"@id\":\"https:\/\/menorcaenkayak.com\/ca\/#website\",\"url\":\"https:\/\/menorcaenkayak.com\/ca\/\",\"name\":\"Menorca en Kayak\",\"description\":\"Alquiler, excursiones, rutas, cursos | Vuelta a la isla\",\"potentialAction\":[{\"@type\":\"SearchAction\",\"target\":{\"@type\":\"EntryPoint\",\"urlTemplate\":\"https:\/\/menorcaenkayak.com\/ca\/?s={search_term_string}\"},\"query-input\":{\"@type\":\"PropertyValueSpecification\",\"valueRequired\":true,\"valueName\":\"search_term_string\"}}],\"inLanguage\":\"ca\"}]}<\/script>\n<!-- \/ Yoast SEO plugin. -->","yoast_head_json":{"title":"Caiac de mar Essence 17 de PERCEPTION | Menorca en Kayak","robots":{"index":"index","follow":"follow","max-snippet":"max-snippet:-1","max-image-preview":"max-image-preview:large","max-video-preview":"max-video-preview:-1"},"canonical":"https:\/\/menorcaenkayak.com\/ca\/product\/sedna-de-fun-run\/","og_locale":"ca_ES","og_type":"article","og_title":"Caiac de mar Essence 17 de PERCEPTION | Menorca en Kayak","og_description":"L&#8217;emoci\u00f3 i l&#8217;experi\u00e8ncia del caiac de mar no \u00e9s nom\u00e9s per a experts\u2026 per\u00f2, si la teva expedici\u00f3 requereix un mapa, necessitar\u00e0 la velocitat, la comoditat i l&#8217;emmagatzematge addicionals que es troben a la gamma Essence. El caiac de mar m\u00e9s vers\u00e0til i confortable del mercat. Amb un disseny de casc modern incorpora una forta [...]","og_url":"https:\/\/menorcaenkayak.com\/ca\/product\/sedna-de-fun-run\/","og_site_name":"Menorca en Kayak","article_modified_time":"2025-07-13T16:41:05+00:00","og_image":[{"width":1225,"height":380,"url":"https:\/\/menorcaenkayak.com\/wp-content\/uploads\/2016\/10\/Essence-16_Top-Side.png","type":"image\/png"}],"twitter_card":"summary_large_image","twitter_misc":{"Temps estimat de lectura":"1 minut"},"schema":{"@context":"https:\/\/schema.org","@graph":[{"@type":"WebPage","@id":"https:\/\/menorcaenkayak.com\/ca\/product\/sedna-de-fun-run\/","url":"https:\/\/menorcaenkayak.com\/ca\/product\/sedna-de-fun-run\/","name":"Caiac de mar Essence 17 de PERCEPTION | Menorca en Kayak","isPartOf":{"@id":"https:\/\/menorcaenkayak.com\/ca\/#website"},"primaryImageOfPage":{"@id":"https:\/\/menorcaenkayak.com\/ca\/product\/sedna-de-fun-run\/#primaryimage"},"image":{"@id":"https:\/\/menorcaenkayak.com\/ca\/product\/sedna-de-fun-run\/#primaryimage"},"thumbnailUrl":"https:\/\/cdn.menorcaenkayak.com\/wp-content\/uploads\/2016\/10\/Essence-16_Top-Side.png?strip=all","datePublished":"2017-02-01T14:24:10+00:00","dateModified":"2025-07-13T16:41:05+00:00","breadcrumb":{"@id":"https:\/\/menorcaenkayak.com\/ca\/product\/sedna-de-fun-run\/#breadcrumb"},"inLanguage":"ca","potentialAction":[{"@type":"ReadAction","target":["https:\/\/menorcaenkayak.com\/ca\/product\/sedna-de-fun-run\/"]}]},{"@type":"ImageObject","inLanguage":"ca","@id":"https:\/\/menorcaenkayak.com\/ca\/product\/sedna-de-fun-run\/#primaryimage","url":"https:\/\/cdn.menorcaenkayak.com\/wp-content\/uploads\/2016\/10\/Essence-16_Top-Side.png?strip=all","contentUrl":"https:\/\/cdn.menorcaenkayak.com\/wp-content\/uploads\/2016\/10\/Essence-16_Top-Side.png?strip=all","width":1225,"height":380},{"@type":"BreadcrumbList","@id":"https:\/\/menorcaenkayak.com\/ca\/product\/sedna-de-fun-run\/#breadcrumb","itemListElement":[{"@type":"ListItem","position":1,"name":"Portada","item":"https:\/\/menorcaenkayak.com\/ca\/"},{"@type":"ListItem","position":2,"name":"Productes","item":"https:\/\/menorcaenkayak.com\/ca\/shop\/"},{"@type":"ListItem","position":3,"name":"Caiac de mar Essence 17 de PERCEPTION"}]},{"@type":"WebSite","@id":"https:\/\/menorcaenkayak.com\/ca\/#website","url":"https:\/\/menorcaenkayak.com\/ca\/","name":"Menorca en Kayak","description":"Alquiler, excursiones, rutas, cursos | Vuelta a la isla","potentialAction":[{"@type":"SearchAction","target":{"@type":"EntryPoint","urlTemplate":"https:\/\/menorcaenkayak.com\/ca\/?s={search_term_string}"},"query-input":{"@type":"PropertyValueSpecification","valueRequired":true,"valueName":"search_term_string"}}],"inLanguage":"ca"}]}},"_links":{"self":[{"href":"https:\/\/menorcaenkayak.com\/ca\/wp-json\/wp\/v2\/product\/8856","targetHints":{"allow":["GET"]}}],"collection":[{"href":"https:\/\/menorcaenkayak.com\/ca\/wp-json\/wp\/v2\/product"}],"about":[{"href":"https:\/\/menorcaenkayak.com\/ca\/wp-json\/wp\/v2\/types\/product"}],"replies":[{"embeddable":true,"href":"https:\/\/menorcaenkayak.com\/ca\/wp-json\/wp\/v2\/comments?post=8856"}],"wp:featuredmedia":[{"embeddable":true,"href":"https:\/\/menorcaenkayak.com\/ca\/wp-json\/wp\/v2\/media\/15149"}],"wp:attachment":[{"href":"https:\/\/menorcaenkayak.com\/ca\/wp-json\/wp\/v2\/media?parent=8856"}],"wp:term":[{"taxonomy":"product_brand","embeddable":true,"href":"https:\/\/menorcaenkayak.com\/ca\/wp-json\/wp\/v2\/product_brand?post=8856"},{"taxonomy":"product_cat","embeddable":true,"href":"https:\/\/menorcaenkayak.com\/ca\/wp-json\/wp\/v2\/product_cat?post=8856"},{"taxonomy":"product_tag","embeddable":true,"href":"https:\/\/menorcaenkayak.com\/ca\/wp-json\/wp\/v2\/product_tag?post=8856"}],"curies":[{"name":"wp","href":"https:\/\/api.w.org\/{rel}","templated":true}]}}