{"id":8855,"date":"2016-10-02T12:02:54","date_gmt":"2016-10-02T12:02:54","guid":{"rendered":"https:\/\/menorcaenkayak.com\/newsite\/ca\/spartan-4-6-m-expedition\/"},"modified":"2025-07-13T15:42:21","modified_gmt":"2025-07-13T15:42:21","slug":"spartan-4-6-m-expedition","status":"publish","type":"product","link":"https:\/\/menorcaenkayak.com\/ca\/product\/spartan-4-6-m-expedition\/","title":{"rendered":"Caiac autovuidable OCEAN QUATRO de Rotomod"},"content":{"rendered":"<p class=\"p1\">\u00a0<\/p>\n<h1 class=\"h1\">Caiac <strong>Ocean Quatro<\/strong>\u00a0de Rotomod<\/h1>\n<div>\n<p>El caiac obert m\u00e9s polivalent, estable i confortable del mercat, a m\u00e9s de resistent.<br \/>\u00c9s ideal per als que vulguin versatilitat, molt estable i segur, dissenyat amb dos seients (un a proa i un altre a popa) per a adults i dos al centre per a un 2 petits o la mascota.<br \/>L&#8217;OCEAN QUATRO \u00e9s el caiac ideal per a fam\u00edlies aventureres que vulguin fer excursions costaneres en dies de bona mar, amb molt bona resposta amb una mica d&#8217;onatge i una mica de vent.<br \/>A la versi\u00f3 m\u00e9s familiar, \u00e9s ideal per a fam\u00edlies amb nens gran capacitat de c\u00e0rrega.<br \/><strong>Aquest caiac ve equipat amb dos seients desmuntables i dues pales.<\/strong><\/p>\n<p><strong>Caracter\u00edstiques OCEAN QUATRO:<\/strong><br \/>Llarg: 415 cm<br \/>Ample: 90 cm<br \/>Capacitat: 2 adults + 2 nens i nenes<br \/>C\u00e0rrega m\u00e0xima: 260 Kg.<br \/>Pes: 34 kg<\/p>\n<p><strong>Preu: 920 eur.<br \/><span style=\"color: #00a859;\">1 unitat en estoc<\/span><\/strong><\/p>\n<\/div>\n\n","protected":false},"excerpt":{"rendered":"<p>\u00a0 Caiac Ocean Quatro\u00a0de Rotomod El caiac obert m\u00e9s polivalent, estable i confortable del mercat, a m\u00e9s de resistent.\u00c9s ideal per als que vulguin versatilitat, molt estable i segur, dissenyat amb dos seients (un a proa i un altre a popa) per a adults i dos al centre per a un 2 petits o la [&#8230;]\n","protected":false},"featured_media":15124,"comment_status":"closed","ping_status":"closed","template":"","meta":{"_acf_changed":false,"_joinchat":[]},"product_brand":[],"product_cat":[159],"product_tag":[],"class_list":{"0":"post-8855","1":"product","2":"type-product","3":"status-publish","4":"has-post-thumbnail","6":"product_cat-destacats","8":"first","9":"instock","10":"featured","11":"shipping-taxable","12":"product-type-simple"},"acf":[],"yoast_head":"<!-- This site is optimized with the Yoast SEO plugin v27.1.1 - https:\/\/yoast.com\/product\/yoast-seo-wordpress\/ -->\n<title>Caiac autovuidable OCEAN QUATRO de Rotomod | Menorca en Kayak<\/title>\n<meta name=\"robots\" content=\"index, follow, max-snippet:-1, max-image-preview:large, max-video-preview:-1\" \/>\n<link rel=\"canonical\" href=\"https:\/\/menorcaenkayak.com\/ca\/product\/spartan-4-6-m-expedition\/\" \/>\n<meta property=\"og:locale\" content=\"ca_ES\" \/>\n<meta property=\"og:type\" content=\"article\" \/>\n<meta property=\"og:title\" content=\"Caiac autovuidable OCEAN QUATRO de Rotomod | Menorca en Kayak\" \/>\n<meta property=\"og:description\" content=\"\u00a0 Caiac Ocean Quatro\u00a0de Rotomod El caiac obert m\u00e9s polivalent, estable i confortable del mercat, a m\u00e9s de resistent.\u00c9s ideal per als que vulguin versatilitat, molt estable i segur, dissenyat amb dos seients (un a proa i un altre a popa) per a adults i dos al centre per a un 2 petits o la [...]\" \/>\n<meta property=\"og:url\" content=\"https:\/\/menorcaenkayak.com\/ca\/product\/spartan-4-6-m-expedition\/\" \/>\n<meta property=\"og:site_name\" content=\"Menorca en Kayak\" \/>\n<meta property=\"article:modified_time\" content=\"2025-07-13T15:42:21+00:00\" \/>\n<meta property=\"og:image\" content=\"https:\/\/menorcaenkayak.com\/wp-content\/uploads\/2016\/10\/OCEAN-DUO-SOLEIL-PACK-1.jpeg\" \/>\n\t<meta property=\"og:image:width\" content=\"946\" \/>\n\t<meta property=\"og:image:height\" content=\"532\" \/>\n\t<meta property=\"og:image:type\" content=\"image\/jpeg\" \/>\n<meta name=\"twitter:card\" content=\"summary_large_image\" \/>\n<meta name=\"twitter:label1\" content=\"Temps estimat de lectura\" \/>\n\t<meta name=\"twitter:data1\" content=\"1 minut\" \/>\n<script type=\"application\/ld+json\" class=\"yoast-schema-graph\">{\"@context\":\"https:\/\/schema.org\",\"@graph\":[{\"@type\":\"WebPage\",\"@id\":\"https:\/\/menorcaenkayak.com\/ca\/product\/spartan-4-6-m-expedition\/\",\"url\":\"https:\/\/menorcaenkayak.com\/ca\/product\/spartan-4-6-m-expedition\/\",\"name\":\"Caiac autovuidable OCEAN QUATRO de Rotomod | Menorca en Kayak\",\"isPartOf\":{\"@id\":\"https:\/\/menorcaenkayak.com\/ca\/#website\"},\"primaryImageOfPage\":{\"@id\":\"https:\/\/menorcaenkayak.com\/ca\/product\/spartan-4-6-m-expedition\/#primaryimage\"},\"image\":{\"@id\":\"https:\/\/menorcaenkayak.com\/ca\/product\/spartan-4-6-m-expedition\/#primaryimage\"},\"thumbnailUrl\":\"https:\/\/cdn.menorcaenkayak.com\/wp-content\/uploads\/2016\/10\/OCEAN-DUO-SOLEIL-PACK-1.jpeg?strip=all\",\"datePublished\":\"2016-10-02T12:02:54+00:00\",\"dateModified\":\"2025-07-13T15:42:21+00:00\",\"breadcrumb\":{\"@id\":\"https:\/\/menorcaenkayak.com\/ca\/product\/spartan-4-6-m-expedition\/#breadcrumb\"},\"inLanguage\":\"ca\",\"potentialAction\":[{\"@type\":\"ReadAction\",\"target\":[\"https:\/\/menorcaenkayak.com\/ca\/product\/spartan-4-6-m-expedition\/\"]}]},{\"@type\":\"ImageObject\",\"inLanguage\":\"ca\",\"@id\":\"https:\/\/menorcaenkayak.com\/ca\/product\/spartan-4-6-m-expedition\/#primaryimage\",\"url\":\"https:\/\/cdn.menorcaenkayak.com\/wp-content\/uploads\/2016\/10\/OCEAN-DUO-SOLEIL-PACK-1.jpeg?strip=all\",\"contentUrl\":\"https:\/\/cdn.menorcaenkayak.com\/wp-content\/uploads\/2016\/10\/OCEAN-DUO-SOLEIL-PACK-1.jpeg?strip=all\",\"width\":946,\"height\":532},{\"@type\":\"BreadcrumbList\",\"@id\":\"https:\/\/menorcaenkayak.com\/ca\/product\/spartan-4-6-m-expedition\/#breadcrumb\",\"itemListElement\":[{\"@type\":\"ListItem\",\"position\":1,\"name\":\"Portada\",\"item\":\"https:\/\/menorcaenkayak.com\/ca\/\"},{\"@type\":\"ListItem\",\"position\":2,\"name\":\"Productes\",\"item\":\"https:\/\/menorcaenkayak.com\/ca\/shop\/\"},{\"@type\":\"ListItem\",\"position\":3,\"name\":\"Caiac autovuidable OCEAN QUATRO de Rotomod\"}]},{\"@type\":\"WebSite\",\"@id\":\"https:\/\/menorcaenkayak.com\/ca\/#website\",\"url\":\"https:\/\/menorcaenkayak.com\/ca\/\",\"name\":\"Menorca en Kayak\",\"description\":\"Alquiler, excursiones, rutas, cursos | Vuelta a la isla\",\"potentialAction\":[{\"@type\":\"SearchAction\",\"target\":{\"@type\":\"EntryPoint\",\"urlTemplate\":\"https:\/\/menorcaenkayak.com\/ca\/?s={search_term_string}\"},\"query-input\":{\"@type\":\"PropertyValueSpecification\",\"valueRequired\":true,\"valueName\":\"search_term_string\"}}],\"inLanguage\":\"ca\"}]}<\/script>\n<!-- \/ Yoast SEO plugin. -->","yoast_head_json":{"title":"Caiac autovuidable OCEAN QUATRO de Rotomod | Menorca en Kayak","robots":{"index":"index","follow":"follow","max-snippet":"max-snippet:-1","max-image-preview":"max-image-preview:large","max-video-preview":"max-video-preview:-1"},"canonical":"https:\/\/menorcaenkayak.com\/ca\/product\/spartan-4-6-m-expedition\/","og_locale":"ca_ES","og_type":"article","og_title":"Caiac autovuidable OCEAN QUATRO de Rotomod | Menorca en Kayak","og_description":"\u00a0 Caiac Ocean Quatro\u00a0de Rotomod El caiac obert m\u00e9s polivalent, estable i confortable del mercat, a m\u00e9s de resistent.\u00c9s ideal per als que vulguin versatilitat, molt estable i segur, dissenyat amb dos seients (un a proa i un altre a popa) per a adults i dos al centre per a un 2 petits o la [...]","og_url":"https:\/\/menorcaenkayak.com\/ca\/product\/spartan-4-6-m-expedition\/","og_site_name":"Menorca en Kayak","article_modified_time":"2025-07-13T15:42:21+00:00","og_image":[{"width":946,"height":532,"url":"https:\/\/menorcaenkayak.com\/wp-content\/uploads\/2016\/10\/OCEAN-DUO-SOLEIL-PACK-1.jpeg","type":"image\/jpeg"}],"twitter_card":"summary_large_image","twitter_misc":{"Temps estimat de lectura":"1 minut"},"schema":{"@context":"https:\/\/schema.org","@graph":[{"@type":"WebPage","@id":"https:\/\/menorcaenkayak.com\/ca\/product\/spartan-4-6-m-expedition\/","url":"https:\/\/menorcaenkayak.com\/ca\/product\/spartan-4-6-m-expedition\/","name":"Caiac autovuidable OCEAN QUATRO de Rotomod | Menorca en Kayak","isPartOf":{"@id":"https:\/\/menorcaenkayak.com\/ca\/#website"},"primaryImageOfPage":{"@id":"https:\/\/menorcaenkayak.com\/ca\/product\/spartan-4-6-m-expedition\/#primaryimage"},"image":{"@id":"https:\/\/menorcaenkayak.com\/ca\/product\/spartan-4-6-m-expedition\/#primaryimage"},"thumbnailUrl":"https:\/\/cdn.menorcaenkayak.com\/wp-content\/uploads\/2016\/10\/OCEAN-DUO-SOLEIL-PACK-1.jpeg?strip=all","datePublished":"2016-10-02T12:02:54+00:00","dateModified":"2025-07-13T15:42:21+00:00","breadcrumb":{"@id":"https:\/\/menorcaenkayak.com\/ca\/product\/spartan-4-6-m-expedition\/#breadcrumb"},"inLanguage":"ca","potentialAction":[{"@type":"ReadAction","target":["https:\/\/menorcaenkayak.com\/ca\/product\/spartan-4-6-m-expedition\/"]}]},{"@type":"ImageObject","inLanguage":"ca","@id":"https:\/\/menorcaenkayak.com\/ca\/product\/spartan-4-6-m-expedition\/#primaryimage","url":"https:\/\/cdn.menorcaenkayak.com\/wp-content\/uploads\/2016\/10\/OCEAN-DUO-SOLEIL-PACK-1.jpeg?strip=all","contentUrl":"https:\/\/cdn.menorcaenkayak.com\/wp-content\/uploads\/2016\/10\/OCEAN-DUO-SOLEIL-PACK-1.jpeg?strip=all","width":946,"height":532},{"@type":"BreadcrumbList","@id":"https:\/\/menorcaenkayak.com\/ca\/product\/spartan-4-6-m-expedition\/#breadcrumb","itemListElement":[{"@type":"ListItem","position":1,"name":"Portada","item":"https:\/\/menorcaenkayak.com\/ca\/"},{"@type":"ListItem","position":2,"name":"Productes","item":"https:\/\/menorcaenkayak.com\/ca\/shop\/"},{"@type":"ListItem","position":3,"name":"Caiac autovuidable OCEAN QUATRO de Rotomod"}]},{"@type":"WebSite","@id":"https:\/\/menorcaenkayak.com\/ca\/#website","url":"https:\/\/menorcaenkayak.com\/ca\/","name":"Menorca en Kayak","description":"Alquiler, excursiones, rutas, cursos | Vuelta a la isla","potentialAction":[{"@type":"SearchAction","target":{"@type":"EntryPoint","urlTemplate":"https:\/\/menorcaenkayak.com\/ca\/?s={search_term_string}"},"query-input":{"@type":"PropertyValueSpecification","valueRequired":true,"valueName":"search_term_string"}}],"inLanguage":"ca"}]}},"_links":{"self":[{"href":"https:\/\/menorcaenkayak.com\/ca\/wp-json\/wp\/v2\/product\/8855","targetHints":{"allow":["GET"]}}],"collection":[{"href":"https:\/\/menorcaenkayak.com\/ca\/wp-json\/wp\/v2\/product"}],"about":[{"href":"https:\/\/menorcaenkayak.com\/ca\/wp-json\/wp\/v2\/types\/product"}],"replies":[{"embeddable":true,"href":"https:\/\/menorcaenkayak.com\/ca\/wp-json\/wp\/v2\/comments?post=8855"}],"wp:featuredmedia":[{"embeddable":true,"href":"https:\/\/menorcaenkayak.com\/ca\/wp-json\/wp\/v2\/media\/15124"}],"wp:attachment":[{"href":"https:\/\/menorcaenkayak.com\/ca\/wp-json\/wp\/v2\/media?parent=8855"}],"wp:term":[{"taxonomy":"product_brand","embeddable":true,"href":"https:\/\/menorcaenkayak.com\/ca\/wp-json\/wp\/v2\/product_brand?post=8855"},{"taxonomy":"product_cat","embeddable":true,"href":"https:\/\/menorcaenkayak.com\/ca\/wp-json\/wp\/v2\/product_cat?post=8855"},{"taxonomy":"product_tag","embeddable":true,"href":"https:\/\/menorcaenkayak.com\/ca\/wp-json\/wp\/v2\/product_tag?post=8855"}],"curies":[{"name":"wp","href":"https:\/\/api.w.org\/{rel}","templated":true}]}}