{"id":18403,"date":"2025-06-22T15:13:13","date_gmt":"2025-06-22T15:13:13","guid":{"rendered":"https:\/\/menorcaenkayak.com\/excursiones-y-rutas-copy\/"},"modified":"2025-06-23T15:22:31","modified_gmt":"2025-06-23T15:22:31","slug":"excursions-rutes-copy","status":"publish","type":"page","link":"https:\/\/menorcaenkayak.com\/ca\/excursions-rutes-copy\/","title":{"rendered":"Excursions &#8211; Rutes"},"content":{"rendered":"  <div id=\"page-header-928951249\" class=\"page-header-wrapper\">\n  <div class=\"page-title dark featured-title\">\n\n        <div class=\"page-title-bg\">\n      <div class=\"title-bg fill bg-fill\"\n        data-parallax-container=\".page-title\"\n        data-parallax-background\n        data-parallax=\"-\">\n      <\/div>\n      <div class=\"title-overlay fill\"><\/div>\n    <\/div>\n    \n    <div class=\"page-title-inner container align-center flex-row medium-flex-wrap\" >\n              <div class=\"title-wrapper flex-col text-left medium-text-center\">\n          <h1 class=\"entry-title mb-0\">\n            Excursions &#8211; Rutes          <\/h1>\n        <\/div>\n                    <div class=\"title-content flex-col flex-right text-right medium-text-center\">\n        <div class=\"title-breadcrumbs pb-half pt-half\"><nav class=\"woocommerce-breadcrumb breadcrumbs uppercase\">Inici<\/nav><\/div>      <\/div>\n    <\/div>\n\n     \n<style>\n#page-header-928951249 .title-overlay {\n  background-color: rgb(96, 125, 139);\n}\n#page-header-928951249 .featured-title {\n  background-color: rgb(96, 125, 139);\n}\n<\/style>\n  <\/div>\n    <\/div>\n  \n\n\t<section class=\"section dark\" id=\"section_650904229\">\n\t\t<div class=\"section-bg fill\" >\n\t\t\t\t\t\t\t\t\t\n\t\t\t\n\n\t\t<\/div>\n\n\t\t\n\n\t\t<div class=\"section-content relative\">\n\t\t\t\n<div class=\"row\"  id=\"row-160356563\">\n\n\t<div id=\"col-807180926\" class=\"col small-12 large-12\"  >\n\t\t\t\t<div class=\"col-inner\"  >\n\t\t\t\n\t\t\t\n<p>No et perdis l&#8217;oportunitat de descobrir el m\u00e9s aut\u00e8ntic de Menorca amb caiac<\/p>\n\t\t<\/div>\n\t\t\t\t\t<\/div>\n\n\t\n<\/div>\n\t\t<\/div>\n\n\t\t\n<style>\n#section_650904229 {\n  padding-top: 0px;\n  padding-bottom: 0px;\n  background-color: rgb(96, 125, 139);\n}\n<\/style>\n\t<\/section>\n\t\n<div class=\"row\"  id=\"row-894755565\">\n\n\t<div id=\"col-2076797285\" class=\"col medium-4 small-12 large-4\"  >\n\t\t\t\t<div class=\"col-inner\"  >\n\t\t\t\n\t\t\t\n\t<div class=\"box has-hover   has-hover box-text-bottom\" >\n\n\t\t<div class=\"box-image\" >\n\t\t\t<a href=\"https:\/\/menorcaenkayak.com\/curso-slug\/nivel-1-iniciacion\/\" >\t\t\t<div class=\"image-zoom image-cover\" style=\"padding-top:56.25%;\">\n\t\t\t\t<img decoding=\"async\" width=\"943\" height=\"531\" src=\"https:\/\/cdn.menorcaenkayak.com\/wp-content\/uploads\/2020\/03\/1.png?strip=all\" class=\"attachment- size-\" alt=\"\" srcset=\"https:\/\/cdn.menorcaenkayak.com\/wp-content\/uploads\/2020\/03\/1.png?strip=all 943w, https:\/\/cdn.menorcaenkayak.com\/wp-content\/uploads\/2020\/03\/1-710x400.png?strip=all 710w, https:\/\/cdn.menorcaenkayak.com\/wp-content\/uploads\/2020\/03\/1-768x432.png?strip=all 768w, https:\/\/cdn.menorcaenkayak.com\/wp-content\/uploads\/2020\/03\/1-600x338.png?strip=all 600w, https:\/\/cdn.menorcaenkayak.com\/wp-content\/uploads\/2020\/03\/1.png?strip=all&amp;w=188 188w, https:\/\/cdn.menorcaenkayak.com\/wp-content\/uploads\/2020\/03\/1.png?strip=all&amp;w=377 377w, https:\/\/cdn.menorcaenkayak.com\/wp-content\/uploads\/2020\/03\/1.png?strip=all&amp;w=450 450w\" sizes=\"(max-width: 943px) 100vw, 943px\" \/>\t\t\t\t\t\t\t\t\t\t\t<\/div>\n\t\t\t<\/a>\t\t<\/div>\n\n\t\t<div class=\"box-text text-center\" >\n\t\t\t<div class=\"box-text-inner\">\n\t\t\t\t\n<h2><span style=\"color: #00aae7;\">Platges de l&#8217;Illa d&#8217;en Colom i<\/span><br \/><span style=\"color: #00aae7;\">Sa Torreta<\/span><\/h2>\n<p>Embarca&#8217;t en una aventura inoblidable amb caiac i deixa&#8217;t portar per la m\u00e0gia de Menorca. Navega a les tranquil\u00b7les aig\u00fces de la badia d&#8217;Es Grau, al cor del Parc Natural de S\u2019Albufera, i sent com la tranquil\u00b7litat i la bellesa natural t&#8217;envolten des del primer moment.<\/p>\n\t\t\t<\/div>\n\t\t<\/div>\n\t<\/div>\n\t\n\t\t<\/div>\n\t\t\t\t\t<\/div>\n\n\t\n\n\t<div id=\"col-1845253007\" class=\"col medium-4 small-12 large-4\"  >\n\t\t\t\t<div class=\"col-inner\"  >\n\t\t\t\n\t\t\t\n\t<div class=\"box has-hover   has-hover box-text-bottom\" >\n\n\t\t<div class=\"box-image\" >\n\t\t\t<a href=\"https:\/\/menorcaenkayak.com\/curso-slug\/nivel-ii-seguridad\/\" >\t\t\t<div class=\"image-zoom image-cover\" style=\"padding-top:56.25%;\">\n\t\t\t\t<img decoding=\"async\" width=\"943\" height=\"531\" src=\"https:\/\/cdn.menorcaenkayak.com\/wp-content\/uploads\/2020\/03\/2.png?strip=all\" class=\"attachment- size-\" alt=\"\" srcset=\"https:\/\/cdn.menorcaenkayak.com\/wp-content\/uploads\/2020\/03\/2.png?strip=all 943w, https:\/\/cdn.menorcaenkayak.com\/wp-content\/uploads\/2020\/03\/2-710x400.png?strip=all 710w, https:\/\/cdn.menorcaenkayak.com\/wp-content\/uploads\/2020\/03\/2-768x432.png?strip=all 768w, https:\/\/cdn.menorcaenkayak.com\/wp-content\/uploads\/2020\/03\/2-600x338.png?strip=all 600w, https:\/\/cdn.menorcaenkayak.com\/wp-content\/uploads\/2020\/03\/2.png?strip=all&amp;w=188 188w, https:\/\/cdn.menorcaenkayak.com\/wp-content\/uploads\/2020\/03\/2.png?strip=all&amp;w=377 377w, https:\/\/cdn.menorcaenkayak.com\/wp-content\/uploads\/2020\/03\/2.png?strip=all&amp;w=450 450w\" sizes=\"(max-width: 943px) 100vw, 943px\" \/>\t\t\t\t\t\t\t\t\t\t\t<\/div>\n\t\t\t<\/a>\t\t<\/div>\n\n\t\t<div class=\"box-text text-center\" >\n\t\t\t<div class=\"box-text-inner\">\n\t\t\t\t\n<h2><span style=\"color: #00aae7;\">Snorkel al Parc Natural<\/span><\/h2>\n<p>T&#8217;agradaria descobrir els fascinants fons marins d&#8217;un dels ecosistemes m\u00e9s valuosos de Menorca? Acompanyeu-nos en una experi\u00e8ncia \u00fanica on el caiac ser\u00e0 el mitj\u00e0 per explorar la riquesa natural del Parc Natural de s\u2019Albufera d&#8217;Es Grau, un espai protegit que forma part de la Xarxa Europea Natura 2000.<\/p>\n\t\t\t<\/div>\n\t\t<\/div>\n\t<\/div>\n\t\n\t\t<\/div>\n\t\t\t\t\t<\/div>\n\n\t\n\n\t<div id=\"col-1118384229\" class=\"col medium-4 small-12 large-4\"  >\n\t\t\t\t<div class=\"col-inner\"  >\n\t\t\t\n\t\t\t\n\t<div class=\"box has-hover   has-hover box-text-bottom\" >\n\n\t\t<div class=\"box-image\" >\n\t\t\t<a href=\"https:\/\/menorcaenkayak.com\/curso-slug\/nivel-iii-perfeccionamiento\/\" >\t\t\t<div class=\"image-zoom image-cover\" style=\"padding-top:56.25%;\">\n\t\t\t\t<img decoding=\"async\" width=\"943\" height=\"531\" src=\"https:\/\/cdn.menorcaenkayak.com\/wp-content\/uploads\/2020\/03\/3.png?strip=all\" class=\"attachment- size-\" alt=\"\" srcset=\"https:\/\/cdn.menorcaenkayak.com\/wp-content\/uploads\/2020\/03\/3.png?strip=all 943w, https:\/\/cdn.menorcaenkayak.com\/wp-content\/uploads\/2020\/03\/3-710x400.png?strip=all 710w, https:\/\/cdn.menorcaenkayak.com\/wp-content\/uploads\/2020\/03\/3-768x432.png?strip=all 768w, https:\/\/cdn.menorcaenkayak.com\/wp-content\/uploads\/2020\/03\/3-600x338.png?strip=all 600w, https:\/\/cdn.menorcaenkayak.com\/wp-content\/uploads\/2020\/03\/3.png?strip=all&amp;w=188 188w, https:\/\/cdn.menorcaenkayak.com\/wp-content\/uploads\/2020\/03\/3.png?strip=all&amp;w=377 377w, https:\/\/cdn.menorcaenkayak.com\/wp-content\/uploads\/2020\/03\/3.png?strip=all&amp;w=450 450w\" sizes=\"(max-width: 943px) 100vw, 943px\" \/>\t\t\t\t\t\t\t\t\t\t\t<\/div>\n\t\t\t<\/a>\t\t<\/div>\n\n\t\t<div class=\"box-text text-center\" >\n\t\t\t<div class=\"box-text-inner\">\n\t\t\t\t\n<h2><span style=\"color: #00aae7;\">Ruta de les coves<\/span><\/h2>\n<p>Descobriu amb nosaltres l&#8217;aut\u00e8ntica &#8220;Ruta de les coves&#8221; i recorreu el tram de costa amb m\u00e9s coves de tot Menorca.<br \/>Iniciem les ruta amb caiac des de l&#8217;embarcador de Cala a Porter. El recorregut ofereix espectaculars vistes dels penya-segats amb curioses i variades formacions geol\u00f2giques, aig\u00fces cristal\u00b7lines i moltes i magn\u00edfiques coves.<\/p>\n\t\t\t<\/div>\n\t\t<\/div>\n\t<\/div>\n\t\n\t\t<\/div>\n\t\t\t\t\t<\/div>\n\n\t\n<\/div>\n<div class=\"row\"  id=\"row-1370427485\">\n\n\t<div id=\"col-721353576\" class=\"col medium-2 small-12 large-2\"  >\n\t\t\t\t<div class=\"col-inner\"  >\n\t\t\t\n\t\t\t\n\t\t<\/div>\n\t\t\t\t\t<\/div>\n\n\t\n\n\t<div id=\"col-1478351763\" class=\"col medium-4 small-12 large-4\"  >\n\t\t\t\t<div class=\"col-inner\"  >\n\t\t\t\n\t\t\t\n\t<div class=\"box has-hover   has-hover box-text-bottom\" >\n\n\t\t<div class=\"box-image\" >\n\t\t\t<a href=\"https:\/\/menorcaenkayak.com\/curso-slug\/esquimotaje\/\" >\t\t\t<div class=\"image-zoom image-cover\" style=\"padding-top:56.25%;\">\n\t\t\t\t<img decoding=\"async\" width=\"943\" height=\"531\" src=\"https:\/\/cdn.menorcaenkayak.com\/wp-content\/uploads\/2020\/03\/4.png?strip=all\" class=\"attachment- size-\" alt=\"\" srcset=\"https:\/\/cdn.menorcaenkayak.com\/wp-content\/uploads\/2020\/03\/4.png?strip=all 943w, https:\/\/cdn.menorcaenkayak.com\/wp-content\/uploads\/2020\/03\/4-710x400.png?strip=all 710w, https:\/\/cdn.menorcaenkayak.com\/wp-content\/uploads\/2020\/03\/4-768x432.png?strip=all 768w, https:\/\/cdn.menorcaenkayak.com\/wp-content\/uploads\/2020\/03\/4-600x338.png?strip=all 600w, https:\/\/cdn.menorcaenkayak.com\/wp-content\/uploads\/2020\/03\/4.png?strip=all&amp;w=188 188w, https:\/\/cdn.menorcaenkayak.com\/wp-content\/uploads\/2020\/03\/4.png?strip=all&amp;w=377 377w, https:\/\/cdn.menorcaenkayak.com\/wp-content\/uploads\/2020\/03\/4.png?strip=all&amp;w=450 450w\" sizes=\"(max-width: 943px) 100vw, 943px\" \/>\t\t\t\t\t\t\t\t\t\t\t<\/div>\n\t\t\t<\/a>\t\t<\/div>\n\n\t\t<div class=\"box-text text-center\" >\n\t\t\t<div class=\"box-text-inner\">\n\t\t\t\t\n<h2><span style=\"color: #00aae7;\">Posta de sol a Es Grau i l&#8217;Illa d&#8217;en Colom<\/span><\/h2>\n<p>Posta de sol a Es Grau i l&#8217;Illa de Colom, viu l&#8217;hora m\u00e0gica del final del dia des d&#8217;un caiac. Navegar, nedar, bussejar, \u2026quan tot t\u00e9 un altre color i la calma ho envaeix tot.<br \/>Des de la tranquil\u00b7la badia d&#8217;Es Grau iniciem un agradable passeig amb caiac cap a les platges de Sa Torreta i de la petita Illa d&#8217;en Colom.<\/p>\n\t\t\t<\/div>\n\t\t<\/div>\n\t<\/div>\n\t\n\t\t<\/div>\n\t\t\t\t\t<\/div>\n\n\t\n\n\t<div id=\"col-148960563\" class=\"col medium-4 small-12 large-4\"  >\n\t\t\t\t<div class=\"col-inner\"  >\n\t\t\t\n\t\t\t\n\t<div class=\"box has-hover   has-hover box-text-bottom\" >\n\n\t\t<div class=\"box-image\" >\n\t\t\t<a href=\"https:\/\/menorcaenkayak.com\/curso-slug\/curso-iniciacion-stand-up-paddle\/\" >\t\t\t<div class=\"image-zoom image-cover\" style=\"padding-top:56.25%;\">\n\t\t\t\t<img decoding=\"async\" width=\"943\" height=\"531\" src=\"https:\/\/cdn.menorcaenkayak.com\/wp-content\/uploads\/2020\/02\/1-2.png?strip=all\" class=\"attachment- size-\" alt=\"\" srcset=\"https:\/\/cdn.menorcaenkayak.com\/wp-content\/uploads\/2020\/02\/1-2.png?strip=all 943w, https:\/\/cdn.menorcaenkayak.com\/wp-content\/uploads\/2020\/02\/1-2-710x400.png?strip=all 710w, https:\/\/cdn.menorcaenkayak.com\/wp-content\/uploads\/2020\/02\/1-2-768x432.png?strip=all 768w, https:\/\/cdn.menorcaenkayak.com\/wp-content\/uploads\/2020\/02\/1-2-600x338.png?strip=all 600w, https:\/\/cdn.menorcaenkayak.com\/wp-content\/uploads\/2020\/02\/1-2.png?strip=all&amp;w=188 188w, https:\/\/cdn.menorcaenkayak.com\/wp-content\/uploads\/2020\/02\/1-2.png?strip=all&amp;w=377 377w, https:\/\/cdn.menorcaenkayak.com\/wp-content\/uploads\/2020\/02\/1-2.png?strip=all&amp;w=450 450w\" sizes=\"(max-width: 943px) 100vw, 943px\" \/>\t\t\t\t\t\t\t\t\t\t\t<\/div>\n\t\t\t<\/a>\t\t<\/div>\n\n\t\t<div class=\"box-text text-center\" >\n\t\t\t<div class=\"box-text-inner\">\n\t\t\t\t\n<h2><span style=\"color: #00aae7;\">Ruta del Parc Natural en caiac de mar<\/span><\/h2>\n<p>La nostra excursi\u00f3 m\u00e9s aventurera.<br \/>Viu amb nosaltres un aut\u00e8ntic dia de caiac de mar recorrent amb tot detall el litoral mar\u00ed del Parc Natural de s\u2019Albufera des Grau.<br \/>Una ruta per a experimentar la filosofia del navegant de caiac de mar, gaudint del contacte directe amb la natura i la navegaci\u00f3.<\/p>\n\t\t\t<\/div>\n\t\t<\/div>\n\t<\/div>\n\t\n\t\t<\/div>\n\t\t\t\t\t<\/div>\n\n\t\n\n\t<div id=\"col-1526307222\" class=\"col medium-2 small-12 large-2\"  >\n\t\t\t\t<div class=\"col-inner\"  >\n\t\t\t\n\t\t\t\n\t\t<\/div>\n\t\t\t\t\t<\/div>\n\n\t\n<\/div>\n\n\t<section class=\"section\" id=\"section_931418869\">\n\t\t<div class=\"section-bg fill\" >\n\t\t\t\t\t\t\t\t\t\n\t\t\t\n\n\t\t<\/div>\n\n\t\t\n\n\t\t<div class=\"section-content relative\">\n\t\t\t\n<div class=\"row row-collapse row-full-width\"  id=\"row-982791822\">\n\n\t<div id=\"col-961071518\" class=\"col minf medium-6 small-12 large-6\"  >\n\t\t\t\t<div class=\"col-inner text-center dark\" style=\"background-color:rgb(239, 134, 69);\" >\n\t\t\t\n\t\t\t\n<p class=\"alt-font\"><span style=\"font-size: 2em;\">Vull reservar<\/span><\/p>\n<p>Digue&#8217;ns qu\u00e8 t\u2019interessa a trav\u00e9s de<img decoding=\"async\" class=\"wp-image-13413 alignnone\" src=\"https:\/\/cdn.menorcaenkayak.com\/wp-content\/uploads\/2020\/03\/whatssapp-280x280.png?strip=all\" alt=\"\" width=\"48\" height=\"48\" srcset=\"https:\/\/cdn.menorcaenkayak.com\/wp-content\/uploads\/2020\/03\/whatssapp-280x280.png?strip=all 280w, https:\/\/cdn.menorcaenkayak.com\/wp-content\/uploads\/2020\/03\/whatssapp-100x100.png?strip=all 100w, https:\/\/cdn.menorcaenkayak.com\/wp-content\/uploads\/2020\/03\/whatssapp.png?strip=all 300w, https:\/\/cdn.menorcaenkayak.com\/wp-content\/uploads\/2020\/03\/whatssapp.png?strip=all&amp;w=180 180w\" sizes=\"(max-width: 48px) 100vw, 48px\" \/>\u00a0whatsapp<br \/>(+34) 669 097 977<\/p>\n<a href=\"https:\/\/wa.me\/34669097977\/\" class=\"button white\"  >\n\t\t<span>CONTACTAR<\/span>\n\t<\/a>\n\n\t\t<\/div>\n\t\t\t\t\t<\/div>\n\n\t\n\n\t<div id=\"col-1110003936\" class=\"col minf medium-6 small-12 large-6\"  >\n\t\t\t\t<div class=\"col-inner text-center dark\" style=\"background-color:rgb(108, 178, 218);\" >\n\t\t\t\n\t\t\t\n<p class=\"alt-font\"><span style=\"font-size: 2em;\">Sol\u00b7licita m\u00e9s informaci\u00f3<\/span><\/p>\n<p>Si vols m\u00e9s informaci\u00f3 o tens dubtes, contacta\u2019ns!<\/p>\n<a href=\"https:\/\/menorcaenkayak.com\/contacto\/\" class=\"button white\"  >\n\t\t<span>Contactar<\/span>\n\t<\/a>\n\n\t\t<\/div>\n\t\t\t\t\t<\/div>\n\n\t\n<\/div>\n\t\t<\/div>\n\n\t\t\n<style>\n#section_931418869 {\n  padding-top: 0px;\n  padding-bottom: 0px;\n  margin-bottom: 0px;\n}\n<\/style>\n\t<\/section>\n\t\n","protected":false},"excerpt":{"rendered":"","protected":false},"author":4,"featured_media":0,"parent":0,"menu_order":0,"comment_status":"closed","ping_status":"closed","template":"page-transparent-header-light.php","meta":{"_acf_changed":false,"_joinchat":[],"footnotes":""},"class_list":["post-18403","page","type-page","status-publish","hentry"],"acf":[],"yoast_head":"<!-- This site is optimized with the Yoast SEO plugin v27.1.1 - https:\/\/yoast.com\/product\/yoast-seo-wordpress\/ -->\n<title>Excursions - Rutes | Menorca en Kayak<\/title>\n<meta name=\"robots\" content=\"index, follow, max-snippet:-1, max-image-preview:large, max-video-preview:-1\" \/>\n<link rel=\"canonical\" href=\"https:\/\/menorcaenkayak.com\/ca\/excursions-rutes-copy\/\" \/>\n<meta property=\"og:locale\" content=\"ca_ES\" \/>\n<meta property=\"og:type\" content=\"article\" \/>\n<meta property=\"og:title\" content=\"Excursions - Rutes | Menorca en Kayak\" \/>\n<meta property=\"og:url\" content=\"https:\/\/menorcaenkayak.com\/ca\/excursions-rutes-copy\/\" \/>\n<meta property=\"og:site_name\" content=\"Menorca en Kayak\" \/>\n<meta property=\"article:modified_time\" content=\"2025-06-23T15:22:31+00:00\" \/>\n<meta property=\"og:image\" content=\"https:\/\/menorcaenkayak.com\/wp-content\/uploads\/2020\/03\/whatssapp-280x280.png\" \/>\n<meta name=\"twitter:card\" content=\"summary_large_image\" \/>\n<meta name=\"twitter:label1\" content=\"Temps estimat de lectura\" \/>\n\t<meta name=\"twitter:data1\" content=\"3 minuts\" \/>\n<script type=\"application\/ld+json\" class=\"yoast-schema-graph\">{\"@context\":\"https:\/\/schema.org\",\"@graph\":[{\"@type\":\"WebPage\",\"@id\":\"https:\/\/menorcaenkayak.com\/ca\/excursions-rutes-copy\/\",\"url\":\"https:\/\/menorcaenkayak.com\/ca\/excursions-rutes-copy\/\",\"name\":\"Excursions - Rutes | Menorca en Kayak\",\"isPartOf\":{\"@id\":\"https:\/\/menorcaenkayak.com\/ca\/#website\"},\"primaryImageOfPage\":{\"@id\":\"https:\/\/menorcaenkayak.com\/ca\/excursions-rutes-copy\/#primaryimage\"},\"image\":{\"@id\":\"https:\/\/menorcaenkayak.com\/ca\/excursions-rutes-copy\/#primaryimage\"},\"thumbnailUrl\":\"https:\/\/menorcaenkayak.com\/wp-content\/uploads\/2020\/03\/whatssapp-280x280.png\",\"datePublished\":\"2025-06-22T15:13:13+00:00\",\"dateModified\":\"2025-06-23T15:22:31+00:00\",\"breadcrumb\":{\"@id\":\"https:\/\/menorcaenkayak.com\/ca\/excursions-rutes-copy\/#breadcrumb\"},\"inLanguage\":\"ca\",\"potentialAction\":[{\"@type\":\"ReadAction\",\"target\":[\"https:\/\/menorcaenkayak.com\/ca\/excursions-rutes-copy\/\"]}]},{\"@type\":\"ImageObject\",\"inLanguage\":\"ca\",\"@id\":\"https:\/\/menorcaenkayak.com\/ca\/excursions-rutes-copy\/#primaryimage\",\"url\":\"https:\/\/menorcaenkayak.com\/wp-content\/uploads\/2020\/03\/whatssapp-280x280.png\",\"contentUrl\":\"https:\/\/menorcaenkayak.com\/wp-content\/uploads\/2020\/03\/whatssapp-280x280.png\"},{\"@type\":\"BreadcrumbList\",\"@id\":\"https:\/\/menorcaenkayak.com\/ca\/excursions-rutes-copy\/#breadcrumb\",\"itemListElement\":[{\"@type\":\"ListItem\",\"position\":1,\"name\":\"Portada\",\"item\":\"https:\/\/menorcaenkayak.com\/ca\/\"},{\"@type\":\"ListItem\",\"position\":2,\"name\":\"Excursions &#8211; Rutes\"}]},{\"@type\":\"WebSite\",\"@id\":\"https:\/\/menorcaenkayak.com\/ca\/#website\",\"url\":\"https:\/\/menorcaenkayak.com\/ca\/\",\"name\":\"Menorca en Kayak\",\"description\":\"Alquiler, excursiones, rutas, cursos | Vuelta a la isla\",\"potentialAction\":[{\"@type\":\"SearchAction\",\"target\":{\"@type\":\"EntryPoint\",\"urlTemplate\":\"https:\/\/menorcaenkayak.com\/ca\/?s={search_term_string}\"},\"query-input\":{\"@type\":\"PropertyValueSpecification\",\"valueRequired\":true,\"valueName\":\"search_term_string\"}}],\"inLanguage\":\"ca\"}]}<\/script>\n<!-- \/ Yoast SEO plugin. -->","yoast_head_json":{"title":"Excursions - Rutes | Menorca en Kayak","robots":{"index":"index","follow":"follow","max-snippet":"max-snippet:-1","max-image-preview":"max-image-preview:large","max-video-preview":"max-video-preview:-1"},"canonical":"https:\/\/menorcaenkayak.com\/ca\/excursions-rutes-copy\/","og_locale":"ca_ES","og_type":"article","og_title":"Excursions - Rutes | Menorca en Kayak","og_url":"https:\/\/menorcaenkayak.com\/ca\/excursions-rutes-copy\/","og_site_name":"Menorca en Kayak","article_modified_time":"2025-06-23T15:22:31+00:00","og_image":[{"url":"https:\/\/menorcaenkayak.com\/wp-content\/uploads\/2020\/03\/whatssapp-280x280.png","type":"","width":"","height":""}],"twitter_card":"summary_large_image","twitter_misc":{"Temps estimat de lectura":"3 minuts"},"schema":{"@context":"https:\/\/schema.org","@graph":[{"@type":"WebPage","@id":"https:\/\/menorcaenkayak.com\/ca\/excursions-rutes-copy\/","url":"https:\/\/menorcaenkayak.com\/ca\/excursions-rutes-copy\/","name":"Excursions - Rutes | Menorca en Kayak","isPartOf":{"@id":"https:\/\/menorcaenkayak.com\/ca\/#website"},"primaryImageOfPage":{"@id":"https:\/\/menorcaenkayak.com\/ca\/excursions-rutes-copy\/#primaryimage"},"image":{"@id":"https:\/\/menorcaenkayak.com\/ca\/excursions-rutes-copy\/#primaryimage"},"thumbnailUrl":"https:\/\/menorcaenkayak.com\/wp-content\/uploads\/2020\/03\/whatssapp-280x280.png","datePublished":"2025-06-22T15:13:13+00:00","dateModified":"2025-06-23T15:22:31+00:00","breadcrumb":{"@id":"https:\/\/menorcaenkayak.com\/ca\/excursions-rutes-copy\/#breadcrumb"},"inLanguage":"ca","potentialAction":[{"@type":"ReadAction","target":["https:\/\/menorcaenkayak.com\/ca\/excursions-rutes-copy\/"]}]},{"@type":"ImageObject","inLanguage":"ca","@id":"https:\/\/menorcaenkayak.com\/ca\/excursions-rutes-copy\/#primaryimage","url":"https:\/\/menorcaenkayak.com\/wp-content\/uploads\/2020\/03\/whatssapp-280x280.png","contentUrl":"https:\/\/menorcaenkayak.com\/wp-content\/uploads\/2020\/03\/whatssapp-280x280.png"},{"@type":"BreadcrumbList","@id":"https:\/\/menorcaenkayak.com\/ca\/excursions-rutes-copy\/#breadcrumb","itemListElement":[{"@type":"ListItem","position":1,"name":"Portada","item":"https:\/\/menorcaenkayak.com\/ca\/"},{"@type":"ListItem","position":2,"name":"Excursions &#8211; Rutes"}]},{"@type":"WebSite","@id":"https:\/\/menorcaenkayak.com\/ca\/#website","url":"https:\/\/menorcaenkayak.com\/ca\/","name":"Menorca en Kayak","description":"Alquiler, excursiones, rutas, cursos | Vuelta a la isla","potentialAction":[{"@type":"SearchAction","target":{"@type":"EntryPoint","urlTemplate":"https:\/\/menorcaenkayak.com\/ca\/?s={search_term_string}"},"query-input":{"@type":"PropertyValueSpecification","valueRequired":true,"valueName":"search_term_string"}}],"inLanguage":"ca"}]}},"_links":{"self":[{"href":"https:\/\/menorcaenkayak.com\/ca\/wp-json\/wp\/v2\/pages\/18403","targetHints":{"allow":["GET"]}}],"collection":[{"href":"https:\/\/menorcaenkayak.com\/ca\/wp-json\/wp\/v2\/pages"}],"about":[{"href":"https:\/\/menorcaenkayak.com\/ca\/wp-json\/wp\/v2\/types\/page"}],"author":[{"embeddable":true,"href":"https:\/\/menorcaenkayak.com\/ca\/wp-json\/wp\/v2\/users\/4"}],"replies":[{"embeddable":true,"href":"https:\/\/menorcaenkayak.com\/ca\/wp-json\/wp\/v2\/comments?post=18403"}],"version-history":[{"count":10,"href":"https:\/\/menorcaenkayak.com\/ca\/wp-json\/wp\/v2\/pages\/18403\/revisions"}],"predecessor-version":[{"id":18413,"href":"https:\/\/menorcaenkayak.com\/ca\/wp-json\/wp\/v2\/pages\/18403\/revisions\/18413"}],"wp:attachment":[{"href":"https:\/\/menorcaenkayak.com\/ca\/wp-json\/wp\/v2\/media?parent=18403"}],"curies":[{"name":"wp","href":"https:\/\/api.w.org\/{rel}","templated":true}]}}