{"id":18135,"date":"2025-04-28T10:39:38","date_gmt":"2025-04-28T10:39:38","guid":{"rendered":"https:\/\/menorcaenkayak.com\/curso\/"},"modified":"2025-05-05T07:35:18","modified_gmt":"2025-05-05T07:35:18","slug":"cursos","status":"publish","type":"page","link":"https:\/\/menorcaenkayak.com\/ca\/cursos\/","title":{"rendered":"Cursos"},"content":{"rendered":"  <div id=\"page-header-281951560\" class=\"page-header-wrapper\">\n  <div class=\"page-title dark featured-title\">\n\n        <div class=\"page-title-bg\">\n      <div class=\"title-bg fill bg-fill\"\n        data-parallax-container=\".page-title\"\n        data-parallax-background\n        data-parallax=\"-\">\n      <\/div>\n      <div class=\"title-overlay fill\"><\/div>\n    <\/div>\n    \n    <div class=\"page-title-inner container align-center flex-row medium-flex-wrap\" >\n              <div class=\"title-wrapper flex-col text-left medium-text-center\">\n          <h1 class=\"entry-title mb-0\">\n            Cursos          <\/h1>\n        <\/div>\n                    <div class=\"title-content flex-col flex-right text-right medium-text-center\">\n        <div class=\"title-breadcrumbs pb-half pt-half\"><nav class=\"woocommerce-breadcrumb breadcrumbs uppercase\">Inici<\/nav><\/div>      <\/div>\n    <\/div>\n\n     \n<style>\n#page-header-281951560 .title-overlay {\n  background-color: rgb(96, 125, 139);\n}\n#page-header-281951560 .featured-title {\n  background-color: rgb(96, 125, 139);\n}\n<\/style>\n  <\/div>\n    <\/div>\n  \n\n\t<section class=\"section dark\" id=\"section_482001992\">\n\t\t<div class=\"section-bg fill\" >\n\t\t\t\t\t\t\t\t\t\n\t\t\t\n\n\t\t<\/div>\n\n\t\t\n\n\t\t<div class=\"section-content relative\">\n\t\t\t\n<div class=\"row\"  id=\"row-1092088799\">\n\n\t<div id=\"col-171407577\" class=\"col small-12 large-12\"  >\n\t\t\t\t<div class=\"col-inner\"  >\n\t\t\t\n\t\t\t\n<p>Apr\u00e8n les t\u00e8cniques b\u00e0siques de navegaci\u00f3 amb caiac de mar amb monitors qualificats i en el millor lloc de Menorca per a iniciar-se, a Es Grau.<\/p>\n\t\t<\/div>\n\t\t\t\t\t<\/div>\n\n\t\n<\/div>\n\t\t<\/div>\n\n\t\t\n<style>\n#section_482001992 {\n  padding-top: 0px;\n  padding-bottom: 0px;\n  background-color: rgb(96, 125, 139);\n}\n<\/style>\n\t<\/section>\n\t\n<div class=\"row\"  id=\"row-311401710\">\n\n\t<div id=\"col-1307750665\" class=\"col medium-4 small-12 large-4\"  >\n\t\t\t\t<div class=\"col-inner\"  >\n\t\t\t\n\t\t\t\n\t<div class=\"box has-hover   has-hover box-text-bottom\" >\n\n\t\t<div class=\"box-image\" >\n\t\t\t<a href=\"https:\/\/menorcaenkayak.com\/ca\/curso-slug\/nivell-1-iniciacio\/\" >\t\t\t<div class=\"image-zoom image-cover\" style=\"padding-top:56.25%;\">\n\t\t\t\t<img decoding=\"async\" width=\"943\" height=\"531\" src=\"https:\/\/cdn.menorcaenkayak.com\/wp-content\/uploads\/2020\/03\/1-1.png?strip=all\" class=\"attachment- size-\" alt=\"\" srcset=\"https:\/\/cdn.menorcaenkayak.com\/wp-content\/uploads\/2020\/03\/1-1.png?strip=all 943w, https:\/\/cdn.menorcaenkayak.com\/wp-content\/uploads\/2020\/03\/1-1-710x400.png?strip=all 710w, https:\/\/cdn.menorcaenkayak.com\/wp-content\/uploads\/2020\/03\/1-1-768x432.png?strip=all 768w, https:\/\/cdn.menorcaenkayak.com\/wp-content\/uploads\/2020\/03\/1-1-600x338.png?strip=all 600w, https:\/\/cdn.menorcaenkayak.com\/wp-content\/uploads\/2020\/03\/1-1.png?strip=all&amp;w=188 188w, https:\/\/cdn.menorcaenkayak.com\/wp-content\/uploads\/2020\/03\/1-1.png?strip=all&amp;w=377 377w, https:\/\/cdn.menorcaenkayak.com\/wp-content\/uploads\/2020\/03\/1-1.png?strip=all&amp;w=450 450w\" sizes=\"(max-width: 943px) 100vw, 943px\" \/>\t\t\t\t\t\t\t\t\t\t\t<\/div>\n\t\t\t<\/a>\t\t<\/div>\n\n\t\t<div class=\"box-text text-center\" >\n\t\t\t<div class=\"box-text-inner\">\n\t\t\t\t\n<p>El curs d&#8217;iniciaci\u00f3 (Nivell 1) est\u00e0 pensat i dirigit a totes aquelles persones que es vulguin iniciar en la navegaci\u00f3 amb caiac de mar en condicions d&#8217;aig\u00fces tranquil\u00b7les. Amb aquest curs aprendrem les t\u00e8cniques b\u00e0siques per aconseguir un paleig eficient i palades de maniobra.<br \/>\nTamb\u00e9 aprendrem a rescatar un company bolcat en aig\u00fces profundes.<\/p>\n\t\t\t<\/div>\n\t\t<\/div>\n\t<\/div>\n\t\n\t\t<\/div>\n\t\t\t\t\t<\/div>\n\n\t\n\n\t<div id=\"col-1629905891\" class=\"col medium-4 small-12 large-4\"  >\n\t\t\t\t<div class=\"col-inner\"  >\n\t\t\t\n\t\t\t\n\t<div class=\"box has-hover   has-hover box-text-bottom\" >\n\n\t\t<div class=\"box-image\" >\n\t\t\t<a href=\"https:\/\/menorcaenkayak.com\/ca\/curso-slug\/nivell-ii-seguretat\/\" >\t\t\t<div class=\"image-zoom image-cover\" style=\"padding-top:56.25%;\">\n\t\t\t\t<img decoding=\"async\" width=\"943\" height=\"531\" src=\"https:\/\/cdn.menorcaenkayak.com\/wp-content\/uploads\/2020\/03\/2-1.png?strip=all\" class=\"attachment- size-\" alt=\"\" srcset=\"https:\/\/cdn.menorcaenkayak.com\/wp-content\/uploads\/2020\/03\/2-1.png?strip=all 943w, https:\/\/cdn.menorcaenkayak.com\/wp-content\/uploads\/2020\/03\/2-1-710x400.png?strip=all 710w, https:\/\/cdn.menorcaenkayak.com\/wp-content\/uploads\/2020\/03\/2-1-768x432.png?strip=all 768w, https:\/\/cdn.menorcaenkayak.com\/wp-content\/uploads\/2020\/03\/2-1-600x338.png?strip=all 600w, https:\/\/cdn.menorcaenkayak.com\/wp-content\/uploads\/2020\/03\/2-1.png?strip=all&amp;w=188 188w, https:\/\/cdn.menorcaenkayak.com\/wp-content\/uploads\/2020\/03\/2-1.png?strip=all&amp;w=377 377w, https:\/\/cdn.menorcaenkayak.com\/wp-content\/uploads\/2020\/03\/2-1.png?strip=all&amp;w=450 450w\" sizes=\"(max-width: 943px) 100vw, 943px\" \/>\t\t\t\t\t\t\t\t\t\t\t<\/div>\n\t\t\t<\/a>\t\t<\/div>\n\n\t\t<div class=\"box-text text-center\" >\n\t\t\t<div class=\"box-text-inner\">\n\t\t\t\t\n<p>Qu\u00e8 fer en cas de bolcada? Com assistir a un company bolcat a alta mar? Apr\u00e8n les t\u00e8cniques b\u00e0siques de seguretat necess\u00e0ries per sortir a navegar amb tranquil\u00b7litat. Curs indicat per a persones que naveguin o hagin fet el curs Nivell1\u00a0 (Iniciaci\u00f3) i vulguin continuar progressant t\u00e8cnicament. Qu\u00e8 aprendrem? \u2013 Consolidar la t\u00e8cnica de paleig&#8230;<\/p>\n\t\t\t<\/div>\n\t\t<\/div>\n\t<\/div>\n\t\n\t\t<\/div>\n\t\t\t\t\t<\/div>\n\n\t\n\n\t<div id=\"col-437168619\" class=\"col medium-4 small-12 large-4\"  >\n\t\t\t\t<div class=\"col-inner\"  >\n\t\t\t\n\t\t\t\n\t<div class=\"box has-hover   has-hover box-text-bottom\" >\n\n\t\t<div class=\"box-image\" >\n\t\t\t<a href=\"https:\/\/menorcaenkayak.com\/ca\/curso-slug\/nivell-iii-avancat\/\" >\t\t\t<div class=\"image-zoom image-cover\" style=\"padding-top:56.25%;\">\n\t\t\t\t<img decoding=\"async\" width=\"943\" height=\"531\" src=\"https:\/\/cdn.menorcaenkayak.com\/wp-content\/uploads\/2020\/03\/3-1.png?strip=all\" class=\"attachment- size-\" alt=\"\" srcset=\"https:\/\/cdn.menorcaenkayak.com\/wp-content\/uploads\/2020\/03\/3-1.png?strip=all 943w, https:\/\/cdn.menorcaenkayak.com\/wp-content\/uploads\/2020\/03\/3-1-710x400.png?strip=all 710w, https:\/\/cdn.menorcaenkayak.com\/wp-content\/uploads\/2020\/03\/3-1-768x432.png?strip=all 768w, https:\/\/cdn.menorcaenkayak.com\/wp-content\/uploads\/2020\/03\/3-1-600x338.png?strip=all 600w, https:\/\/cdn.menorcaenkayak.com\/wp-content\/uploads\/2020\/03\/3-1.png?strip=all&amp;w=188 188w, https:\/\/cdn.menorcaenkayak.com\/wp-content\/uploads\/2020\/03\/3-1.png?strip=all&amp;w=377 377w, https:\/\/cdn.menorcaenkayak.com\/wp-content\/uploads\/2020\/03\/3-1.png?strip=all&amp;w=450 450w\" sizes=\"(max-width: 943px) 100vw, 943px\" \/>\t\t\t\t\t\t\t\t\t\t\t<\/div>\n\t\t\t<\/a>\t\t<\/div>\n\n\t\t<div class=\"box-text text-center\" >\n\t\t\t<div class=\"box-text-inner\">\n\t\t\t\t\n<p>Pels que volen progressar en la navegaci\u00f3 m\u00e9s exigent. T\u00e8cniques avan\u00e7ades per a una navegaci\u00f3 \u00f2ptima en travesses i condicions meteorol\u00f2giques m\u00e9s exigents.<br \/>\nCurs indicat per a persones que naveguen o hagin realitzat el curs Nivell 1 i Nivell 2 i vulguin treure el m\u00e0xim rendiment del caiac i la navegaci\u00f3. Qu\u00e8 aprendrem? \u2013 Escorar \u2026<\/p>\n\t\t\t<\/div>\n\t\t<\/div>\n\t<\/div>\n\t\n\t\t<\/div>\n\t\t\t\t\t<\/div>\n\n\t\n<\/div>\n<div class=\"row\"  id=\"row-92596895\">\n\n\t<div id=\"col-34181566\" class=\"col medium-2 small-12 large-2\"  >\n\t\t\t\t<div class=\"col-inner\"  >\n\t\t\t\n\t\t\t\n\t\t<\/div>\n\t\t\t\t\t<\/div>\n\n\t\n\n\t<div id=\"col-2022919045\" class=\"col medium-4 small-12 large-4\"  >\n\t\t\t\t<div class=\"col-inner\"  >\n\t\t\t\n\t\t\t\n\t<div class=\"box has-hover   has-hover box-text-bottom\" >\n\n\t\t<div class=\"box-image\" >\n\t\t\t<a href=\"https:\/\/menorcaenkayak.com\/ca\/curso-slug\/esquimotatge-lautentic-autorescat\/\" >\t\t\t<div class=\"image-zoom image-cover\" style=\"padding-top:56.25%;\">\n\t\t\t\t<img decoding=\"async\" width=\"943\" height=\"531\" src=\"https:\/\/cdn.menorcaenkayak.com\/wp-content\/uploads\/2020\/03\/4-1.png?strip=all\" class=\"attachment- size-\" alt=\"\" srcset=\"https:\/\/cdn.menorcaenkayak.com\/wp-content\/uploads\/2020\/03\/4-1.png?strip=all 943w, https:\/\/cdn.menorcaenkayak.com\/wp-content\/uploads\/2020\/03\/4-1-710x400.png?strip=all 710w, https:\/\/cdn.menorcaenkayak.com\/wp-content\/uploads\/2020\/03\/4-1-768x432.png?strip=all 768w, https:\/\/cdn.menorcaenkayak.com\/wp-content\/uploads\/2020\/03\/4-1-600x338.png?strip=all 600w, https:\/\/cdn.menorcaenkayak.com\/wp-content\/uploads\/2020\/03\/4-1.png?strip=all&amp;w=188 188w, https:\/\/cdn.menorcaenkayak.com\/wp-content\/uploads\/2020\/03\/4-1.png?strip=all&amp;w=377 377w, https:\/\/cdn.menorcaenkayak.com\/wp-content\/uploads\/2020\/03\/4-1.png?strip=all&amp;w=450 450w\" sizes=\"(max-width: 943px) 100vw, 943px\" \/>\t\t\t\t\t\t\t\t\t\t\t<\/div>\n\t\t\t<\/a>\t\t<\/div>\n\n\t\t<div class=\"box-text text-center\" >\n\t\t\t<div class=\"box-text-inner\">\n\t\t\t\t\n<p>Apr\u00e8n la maniobra de desbolcar sense sortir del caiac. \u00c9s l&#8217;aut\u00e8ntic autorescat practicat ancestralment pels inuits.<br \/>\nIndicat per a persones amb experi\u00e8ncia al paleig que vulguin aprendre aquesta maniobra necess\u00e0ria per practicar el caiac-surf i la navegaci\u00f3 amb condicions meteorol\u00f2giques exigents.<\/p>\n\t\t\t<\/div>\n\t\t<\/div>\n\t<\/div>\n\t\n\t\t<\/div>\n\t\t\t\t\t<\/div>\n\n\t\n\n\t<div id=\"col-1292618128\" class=\"col medium-4 small-12 large-4\"  >\n\t\t\t\t<div class=\"col-inner\"  >\n\t\t\t\n\t\t\t\n\t<div class=\"box has-hover   has-hover box-text-bottom\" >\n\n\t\t<div class=\"box-image\" >\n\t\t\t<a href=\"https:\/\/menorcaenkayak.com\/ca\/curso-slug\/curs-iniciacio-stand-up-paddle\/\" >\t\t\t<div class=\"image-zoom image-cover\" style=\"padding-top:56.25%;\">\n\t\t\t\t<img decoding=\"async\" width=\"943\" height=\"531\" src=\"https:\/\/cdn.menorcaenkayak.com\/wp-content\/uploads\/2020\/03\/Catal\u00e0-1.png?strip=all\" class=\"attachment- size-\" alt=\"\" srcset=\"https:\/\/cdn.menorcaenkayak.com\/wp-content\/uploads\/2020\/03\/Catal\u00e0-1.png?strip=all 943w, https:\/\/cdn.menorcaenkayak.com\/wp-content\/uploads\/2020\/03\/Catal\u00e0-1-710x400.png?strip=all 710w, https:\/\/cdn.menorcaenkayak.com\/wp-content\/uploads\/2020\/03\/Catal\u00e0-1-768x432.png?strip=all 768w, https:\/\/cdn.menorcaenkayak.com\/wp-content\/uploads\/2020\/03\/Catal\u00e0-1-600x338.png?strip=all 600w, https:\/\/cdn.menorcaenkayak.com\/wp-content\/uploads\/2020\/03\/Catal\u00e0-1.png?strip=all&amp;w=188 188w, https:\/\/cdn.menorcaenkayak.com\/wp-content\/uploads\/2020\/03\/Catal\u00e0-1.png?strip=all&amp;w=377 377w, https:\/\/cdn.menorcaenkayak.com\/wp-content\/uploads\/2020\/03\/Catal\u00e0-1.png?strip=all&amp;w=450 450w\" sizes=\"(max-width: 943px) 100vw, 943px\" \/>\t\t\t\t\t\t\t\t\t\t\t<\/div>\n\t\t\t<\/a>\t\t<\/div>\n\n\t\t<div class=\"box-text text-center\" >\n\t\t\t<div class=\"box-text-inner\">\n\t\t\t\t\n<p>Apr\u00e8n amb nosaltres la t\u00e8cnica de navegar a Stand-Up i experimenta les sensacions de navegar damunt una taula de SUP, una nova perspectiva per gaudir del mar. Es Grau i els voltants \u00e9s un dels millors llocs de l&#8217;illa per practicar stand up paddle, una badia protegida amb aig\u00fces cristal\u00b7lines i poc profundes.<\/p>\n\t\t\t<\/div>\n\t\t<\/div>\n\t<\/div>\n\t\n\t\t<\/div>\n\t\t\t\t\t<\/div>\n\n\t\n\n\t<div id=\"col-1216114540\" class=\"col medium-2 small-12 large-2\"  >\n\t\t\t\t<div class=\"col-inner\"  >\n\t\t\t\n\t\t\t\n\t\t<\/div>\n\t\t\t\t\t<\/div>\n\n\t\n<\/div>\n\n\t<section class=\"section\" id=\"section_888158928\">\n\t\t<div class=\"section-bg fill\" >\n\t\t\t\t\t\t\t\t\t\n\t\t\t\n\n\t\t<\/div>\n\n\t\t\n\n\t\t<div class=\"section-content relative\">\n\t\t\t\n<div class=\"row row-collapse row-full-width\"  id=\"row-236238554\">\n\n\t<div id=\"col-2038848078\" class=\"col minf medium-6 small-12 large-6\"  >\n\t\t\t\t<div class=\"col-inner text-center dark\" style=\"background-color:rgb(239, 134, 69);\" >\n\t\t\t\n\t\t\t\n<p class=\"alt-font\"><span style=\"font-size: 2em;\">Vull reservar<\/span><\/p>\n<p>Digue&#8217;ns qu\u00e8 t&#8217;interessa a trav\u00e9s de <img decoding=\"async\" class=\"wp-image-13413 alignnone\" src=\"https:\/\/cdn.menorcaenkayak.com\/wp-content\/uploads\/2020\/03\/whatssapp-280x280.png?strip=all\" alt=\"\" width=\"48\" height=\"48\" srcset=\"https:\/\/cdn.menorcaenkayak.com\/wp-content\/uploads\/2020\/03\/whatssapp-280x280.png?strip=all 280w, https:\/\/cdn.menorcaenkayak.com\/wp-content\/uploads\/2020\/03\/whatssapp-100x100.png?strip=all 100w, https:\/\/cdn.menorcaenkayak.com\/wp-content\/uploads\/2020\/03\/whatssapp.png?strip=all 300w, https:\/\/cdn.menorcaenkayak.com\/wp-content\/uploads\/2020\/03\/whatssapp.png?strip=all&amp;w=180 180w\" sizes=\"(max-width: 48px) 100vw, 48px\" \/>\u00a0whatsapp<br \/>\n(+34) 669 097 977<\/p>\n<a href=\"https:\/\/wa.me\/34669097977\/\" class=\"button white\"  >\n\t\t<span>CONTACTAR<\/span>\n\t<\/a>\n\n\t\t<\/div>\n\t\t\t\t\t<\/div>\n\n\t\n\n\t<div id=\"col-495354519\" class=\"col minf medium-6 small-12 large-6\"  >\n\t\t\t\t<div class=\"col-inner text-center dark\" style=\"background-color:rgb(108, 178, 218);\" >\n\t\t\t\n\t\t\t\n<p class=\"alt-font\"><span style=\"font-size: 2em;\">Sol\u00b7licita m\u00e9s informaci\u00f3<\/span><\/p>\n<p>Si necessites m\u00e9s informaci\u00f3 o tens dubtes, contacta&#8217;ns!<\/p>\n<a href=\"https:\/\/menorcaenkayak.com\/ca\/contacte\/\" class=\"button white\"  >\n\t\t<span>Contactar<\/span>\n\t<\/a>\n\n\t\t<\/div>\n\t\t\t\t\t<\/div>\n\n\t\n<\/div>\n\t\t<\/div>\n\n\t\t\n<style>\n#section_888158928 {\n  padding-top: 0px;\n  padding-bottom: 0px;\n  margin-bottom: 0px;\n}\n<\/style>\n\t<\/section>\n\t\n","protected":false},"excerpt":{"rendered":"","protected":false},"author":12,"featured_media":0,"parent":0,"menu_order":0,"comment_status":"closed","ping_status":"closed","template":"page-transparent-header-light.php","meta":{"_acf_changed":false,"_joinchat":[],"footnotes":""},"class_list":["post-18135","page","type-page","status-publish","hentry"],"acf":[],"yoast_head":"<!-- This site is optimized with the Yoast SEO plugin v27.1.1 - https:\/\/yoast.com\/product\/yoast-seo-wordpress\/ -->\n<title>Cursos | Menorca en Kayak<\/title>\n<meta name=\"robots\" content=\"index, follow, max-snippet:-1, max-image-preview:large, max-video-preview:-1\" \/>\n<link rel=\"canonical\" href=\"https:\/\/menorcaenkayak.com\/ca\/cursos\/\" \/>\n<meta property=\"og:locale\" content=\"ca_ES\" \/>\n<meta property=\"og:type\" content=\"article\" \/>\n<meta property=\"og:title\" content=\"Cursos | Menorca en Kayak\" \/>\n<meta property=\"og:url\" content=\"https:\/\/menorcaenkayak.com\/ca\/cursos\/\" \/>\n<meta property=\"og:site_name\" content=\"Menorca en Kayak\" \/>\n<meta property=\"article:modified_time\" content=\"2025-05-05T07:35:18+00:00\" \/>\n<meta property=\"og:image\" content=\"https:\/\/menorcaenkayak.com\/wp-content\/uploads\/2020\/03\/whatssapp-280x280.png\" \/>\n<meta name=\"twitter:card\" content=\"summary_large_image\" \/>\n<meta name=\"twitter:label1\" content=\"Temps estimat de lectura\" \/>\n\t<meta name=\"twitter:data1\" content=\"3 minuts\" \/>\n<script type=\"application\/ld+json\" class=\"yoast-schema-graph\">{\"@context\":\"https:\/\/schema.org\",\"@graph\":[{\"@type\":\"WebPage\",\"@id\":\"https:\/\/menorcaenkayak.com\/ca\/cursos\/\",\"url\":\"https:\/\/menorcaenkayak.com\/ca\/cursos\/\",\"name\":\"Cursos | Menorca en Kayak\",\"isPartOf\":{\"@id\":\"https:\/\/menorcaenkayak.com\/ca\/#website\"},\"primaryImageOfPage\":{\"@id\":\"https:\/\/menorcaenkayak.com\/ca\/cursos\/#primaryimage\"},\"image\":{\"@id\":\"https:\/\/menorcaenkayak.com\/ca\/cursos\/#primaryimage\"},\"thumbnailUrl\":\"https:\/\/menorcaenkayak.com\/wp-content\/uploads\/2020\/03\/whatssapp-280x280.png\",\"datePublished\":\"2025-04-28T10:39:38+00:00\",\"dateModified\":\"2025-05-05T07:35:18+00:00\",\"breadcrumb\":{\"@id\":\"https:\/\/menorcaenkayak.com\/ca\/cursos\/#breadcrumb\"},\"inLanguage\":\"ca\",\"potentialAction\":[{\"@type\":\"ReadAction\",\"target\":[\"https:\/\/menorcaenkayak.com\/ca\/cursos\/\"]}]},{\"@type\":\"ImageObject\",\"inLanguage\":\"ca\",\"@id\":\"https:\/\/menorcaenkayak.com\/ca\/cursos\/#primaryimage\",\"url\":\"https:\/\/menorcaenkayak.com\/wp-content\/uploads\/2020\/03\/whatssapp-280x280.png\",\"contentUrl\":\"https:\/\/menorcaenkayak.com\/wp-content\/uploads\/2020\/03\/whatssapp-280x280.png\"},{\"@type\":\"BreadcrumbList\",\"@id\":\"https:\/\/menorcaenkayak.com\/ca\/cursos\/#breadcrumb\",\"itemListElement\":[{\"@type\":\"ListItem\",\"position\":1,\"name\":\"Portada\",\"item\":\"https:\/\/menorcaenkayak.com\/ca\/\"},{\"@type\":\"ListItem\",\"position\":2,\"name\":\"Cursos\"}]},{\"@type\":\"WebSite\",\"@id\":\"https:\/\/menorcaenkayak.com\/ca\/#website\",\"url\":\"https:\/\/menorcaenkayak.com\/ca\/\",\"name\":\"Menorca en Kayak\",\"description\":\"Alquiler, excursiones, rutas, cursos | Vuelta a la isla\",\"potentialAction\":[{\"@type\":\"SearchAction\",\"target\":{\"@type\":\"EntryPoint\",\"urlTemplate\":\"https:\/\/menorcaenkayak.com\/ca\/?s={search_term_string}\"},\"query-input\":{\"@type\":\"PropertyValueSpecification\",\"valueRequired\":true,\"valueName\":\"search_term_string\"}}],\"inLanguage\":\"ca\"}]}<\/script>\n<!-- \/ Yoast SEO plugin. -->","yoast_head_json":{"title":"Cursos | Menorca en Kayak","robots":{"index":"index","follow":"follow","max-snippet":"max-snippet:-1","max-image-preview":"max-image-preview:large","max-video-preview":"max-video-preview:-1"},"canonical":"https:\/\/menorcaenkayak.com\/ca\/cursos\/","og_locale":"ca_ES","og_type":"article","og_title":"Cursos | Menorca en Kayak","og_url":"https:\/\/menorcaenkayak.com\/ca\/cursos\/","og_site_name":"Menorca en Kayak","article_modified_time":"2025-05-05T07:35:18+00:00","og_image":[{"url":"https:\/\/menorcaenkayak.com\/wp-content\/uploads\/2020\/03\/whatssapp-280x280.png","type":"","width":"","height":""}],"twitter_card":"summary_large_image","twitter_misc":{"Temps estimat de lectura":"3 minuts"},"schema":{"@context":"https:\/\/schema.org","@graph":[{"@type":"WebPage","@id":"https:\/\/menorcaenkayak.com\/ca\/cursos\/","url":"https:\/\/menorcaenkayak.com\/ca\/cursos\/","name":"Cursos | Menorca en Kayak","isPartOf":{"@id":"https:\/\/menorcaenkayak.com\/ca\/#website"},"primaryImageOfPage":{"@id":"https:\/\/menorcaenkayak.com\/ca\/cursos\/#primaryimage"},"image":{"@id":"https:\/\/menorcaenkayak.com\/ca\/cursos\/#primaryimage"},"thumbnailUrl":"https:\/\/menorcaenkayak.com\/wp-content\/uploads\/2020\/03\/whatssapp-280x280.png","datePublished":"2025-04-28T10:39:38+00:00","dateModified":"2025-05-05T07:35:18+00:00","breadcrumb":{"@id":"https:\/\/menorcaenkayak.com\/ca\/cursos\/#breadcrumb"},"inLanguage":"ca","potentialAction":[{"@type":"ReadAction","target":["https:\/\/menorcaenkayak.com\/ca\/cursos\/"]}]},{"@type":"ImageObject","inLanguage":"ca","@id":"https:\/\/menorcaenkayak.com\/ca\/cursos\/#primaryimage","url":"https:\/\/menorcaenkayak.com\/wp-content\/uploads\/2020\/03\/whatssapp-280x280.png","contentUrl":"https:\/\/menorcaenkayak.com\/wp-content\/uploads\/2020\/03\/whatssapp-280x280.png"},{"@type":"BreadcrumbList","@id":"https:\/\/menorcaenkayak.com\/ca\/cursos\/#breadcrumb","itemListElement":[{"@type":"ListItem","position":1,"name":"Portada","item":"https:\/\/menorcaenkayak.com\/ca\/"},{"@type":"ListItem","position":2,"name":"Cursos"}]},{"@type":"WebSite","@id":"https:\/\/menorcaenkayak.com\/ca\/#website","url":"https:\/\/menorcaenkayak.com\/ca\/","name":"Menorca en Kayak","description":"Alquiler, excursiones, rutas, cursos | Vuelta a la isla","potentialAction":[{"@type":"SearchAction","target":{"@type":"EntryPoint","urlTemplate":"https:\/\/menorcaenkayak.com\/ca\/?s={search_term_string}"},"query-input":{"@type":"PropertyValueSpecification","valueRequired":true,"valueName":"search_term_string"}}],"inLanguage":"ca"}]}},"_links":{"self":[{"href":"https:\/\/menorcaenkayak.com\/ca\/wp-json\/wp\/v2\/pages\/18135","targetHints":{"allow":["GET"]}}],"collection":[{"href":"https:\/\/menorcaenkayak.com\/ca\/wp-json\/wp\/v2\/pages"}],"about":[{"href":"https:\/\/menorcaenkayak.com\/ca\/wp-json\/wp\/v2\/types\/page"}],"author":[{"embeddable":true,"href":"https:\/\/menorcaenkayak.com\/ca\/wp-json\/wp\/v2\/users\/12"}],"replies":[{"embeddable":true,"href":"https:\/\/menorcaenkayak.com\/ca\/wp-json\/wp\/v2\/comments?post=18135"}],"version-history":[{"count":26,"href":"https:\/\/menorcaenkayak.com\/ca\/wp-json\/wp\/v2\/pages\/18135\/revisions"}],"predecessor-version":[{"id":18321,"href":"https:\/\/menorcaenkayak.com\/ca\/wp-json\/wp\/v2\/pages\/18135\/revisions\/18321"}],"wp:attachment":[{"href":"https:\/\/menorcaenkayak.com\/ca\/wp-json\/wp\/v2\/media?parent=18135"}],"curies":[{"name":"wp","href":"https:\/\/api.w.org\/{rel}","templated":true}]}}